{"id":756,"date":"2025-05-20T16:39:19","date_gmt":"2025-05-20T16:39:19","guid":{"rendered":"https:\/\/easy-rider-world.com\/?page_id=756"},"modified":"2025-05-27T15:45:09","modified_gmt":"2025-05-27T15:45:09","slug":"faqs-notfalltransport-fuer-pferde","status":"publish","type":"page","link":"https:\/\/easy-rider-world.com\/pl\/faqs-notfalltransport-fuer-pferde\/","title":{"rendered":"FAQ&#8217;s &#8211; Notfalltransport"},"content":{"rendered":"<h2 class=\"wp-block-heading\">H\u00e4ufige Fragen zum Notfalltransport f\u00fcr Pferde<\/h2>\n\n\n\n<p class=\"has-medium-font-size\">Hier findest Du die h\u00e4ufigsten Fragen rund um das Thema &#8222;Notfalltransport f\u00fcr Pferde&#8220;. Wenn Du weitere Fragen hast , dann nimm doch einfach Kontakt mit Uns auf. Wir freuen Uns, Dich kennenzulernen \ud83d\ude42<\/p>\n\n\n\n<div style=\"height:80px\" aria-hidden=\"true\" class=\"wp-block-spacer\"><\/div>\n\n\n\n<div class=\"wp-block-columns is-layout-flex wp-container-core-columns-is-layout-9d6595d7 wp-block-columns-is-layout-flex\">\n<div class=\"wp-block-column is-layout-flow wp-block-column-is-layout-flow\">\n<ol class=\"wp-block-list\">\n<li><strong>Wann gilt ein Pferdetransport als Notfall?<\/strong><br><br>Ein Pferdetransport ist ein Notfall, wenn das Pferd in einer akuten, lebensbedrohlichen Lage ist \u2013 zum Beispiel bei Kolik, schweren Verletzungen oder Fohlengeburt. In solchen F\u00e4llen z\u00e4hlt jede Minute. Wir sind 24\/7 f\u00fcr Dich da.<br><br><\/li>\n\n\n\n<li><strong>Wie schnell ist EASYRider im Einsatz?<\/strong><br><br>In der Regel sind wir regional in Hessen und Rheinland-Pfalz innerhalb von&nbsp;<strong>45 bis 90 Minuten<\/strong>&nbsp;vor Ort &#8211; oft sogar schneller. <br>Die Dauer der Fahrt zur Tierklinik h\u00e4ngt von dem Zielort und dem jeweiligen Krankheitsbild des Pferdes ab.<br><br><\/li>\n\n\n\n<li><strong>Welche Kliniken werden bei einem Notfall angefahren?<\/strong><br><br>Unser Team transportiert Dein Pferd in die n\u00e4chstgelegene geeignete Klinik oder die Klinik Deines Vertrauens.<br>F\u00fcr die Region LDK, LM ,Rheinland-Pfalz und den Westerwald arbeiten wir bevorzugt mit der  <a class=\"\" href=\"https:\/\/tierklinik-maischeiderland.de\/\"><strong>Tierklinik Maischeiderland<\/strong><\/a><br>Mehr zu den EASYVet Partnern erf\u00e4hrst Du <a href=\"https:\/\/easy-rider-world.com\/pl\/tierklinik_partner\/\">hier<\/a>.<br><br><\/li>\n\n\n\n<li><strong>Was muss ich beim Notfalltransport beachten?<\/strong><br><br><strong>Was muss ich bei einem Notfalltransport beachten?<\/strong><br>Bei einem Notfalltransport f\u00fcr Pferde ist Ruhe entscheidend. Du solltest:<br>\u2013 die\u00a0<strong>Tierklinik vorab informieren<\/strong>,<br>\u2013Uns\u00a0<strong>sofort kontaktieren<\/strong>,<br>\u2013 wichtige Unterlagen bereithalten (Equidenpass, Medikamentenplan)<br>\u2013 das Pferd nur bewegen, wenn es ohne Zwang m\u00f6glich ist.<br>Alle Details findest Du auch in unserem\u00a0<a class=\"\" href=\"https:\/\/easy-rider-world.com\/pl\/notfalltransport-das-ist-zu-beachten\/\">Notfall-Guide f\u00fcr Pferdetransporte<\/a>.<br><br><\/li>\n\n\n\n<li><strong>Was kostet ein Notfalltransport?<\/strong><br><br>Die Kosten h\u00e4ngen von Entfernung, Tageszeit und Aufwand ab. Wir erstellen Dir direkt am Telefon eine grobe Einsch\u00e4tzung. Notf\u00e4lle behandeln wir stets mit Priorit\u00e4t.Ratenzahlung akzeptieren wir aus Erfahrung nicht. Bezahlen mu\u00dft Du in Bar bei Anlieferung Deines Pferdes in der Tierklinik.<br><br><\/li>\n\n\n\n<li><strong>Ist mein Pferd w\u00e4hrend des Transports versichert?<\/strong><br><br>Ja. Unsere Transporte sind haftpflichtversichert. F\u00fcr besonders wertvolle Pferde kannst Du vorab \u00fcber Deine eigene Pferdeversicherung zus\u00e4tzliche Deckung anfragen. Es ist allerdings auch wichtig, da\u00df Du f\u00fcr Dein Pferd eine g\u00fcltige Haftpflichtversicherung hast, denn durch Sturz oder Panik kann es auch zu Besch\u00e4digungen an unserem Fahrzeug kommen.<br><br><\/li>\n\n\n\n<li><strong>Was passiert, wenn mein Pferd unterwegs kollabiert oder Panik bekommt?<\/strong><br><br>Unsere Transporte werden von erfahrenem Personal mit Pferdekenntnis durchgef\u00fchrt. Wir fahren&nbsp;<strong>ruhig, gleichm\u00e4\u00dfig und tiergerecht<\/strong>. In kritischen F\u00e4llen halten wir sofort an und verst\u00e4ndigen Tier\u00e4rzte.<br><br><\/li>\n\n\n\n<li><strong>Wie erreiche ich Euch im Notfall?<\/strong><br><br>Ruf uns direkt an unter \ud83d\udcde&nbsp;<a href=\"tel:+491711945373\"> tel:+491711945373<\/a>&nbsp;\u2013 wir sind&nbsp;<strong>rund um die Uhr erreichbar<\/strong>. Alternativ kannst Du uns auch \u00fcber WhatsApp kontaktieren.<br><\/li>\n<\/ol>\n<\/div>\n\n\n\n<div class=\"wp-block-column is-layout-flow wp-block-column-is-layout-flow\">\n<figure class=\"wp-block-gallery has-nested-images columns-default is-cropped wp-block-gallery-1 is-layout-flex wp-block-gallery-is-layout-flex\">\n<figure class=\"wp-block-image size-large\"><img loading=\"lazy\" decoding=\"async\" width=\"1024\" height=\"683\" data-id=\"762\" src=\"https:\/\/easy-rider-world.com\/wp-content\/uploads\/2025\/05\/FS_05674\u00a9funsolutionS-1024x683.jpg\" alt=\"Notfall Tierklinik\" class=\"wp-image-762\" srcset=\"https:\/\/easy-rider-world.com\/wp-content\/uploads\/2025\/05\/FS_05674\u00a9funsolutionS-1024x683.jpg 1024w, https:\/\/easy-rider-world.com\/wp-content\/uploads\/2025\/05\/FS_05674\u00a9funsolutionS-300x200.jpg 300w, https:\/\/easy-rider-world.com\/wp-content\/uploads\/2025\/05\/FS_05674\u00a9funsolutionS-768x512.jpg 768w, https:\/\/easy-rider-world.com\/wp-content\/uploads\/2025\/05\/FS_05674\u00a9funsolutionS-1536x1025.jpg 1536w, https:\/\/easy-rider-world.com\/wp-content\/uploads\/2025\/05\/FS_05674\u00a9funsolutionS-18x12.jpg 18w, https:\/\/easy-rider-world.com\/wp-content\/uploads\/2025\/05\/FS_05674\u00a9funsolutionS-1619x1080.jpg 1619w\" sizes=\"auto, (max-width: 1024px) 100vw, 1024px\" \/><figcaption class=\"wp-element-caption\">\u00a9 Tierklinik Maischeider Land GmbH<\/figcaption><\/figure>\n\n\n\n<figure class=\"wp-block-image size-large\"><img loading=\"lazy\" decoding=\"async\" width=\"1024\" height=\"683\" data-id=\"763\" src=\"https:\/\/easy-rider-world.com\/wp-content\/uploads\/2025\/05\/FS_06205\u00a9funsolutionS-1024x683.jpg\" alt=\"Notfalltransport  Tierklinik\" class=\"wp-image-763\" srcset=\"https:\/\/easy-rider-world.com\/wp-content\/uploads\/2025\/05\/FS_06205\u00a9funsolutionS-1024x683.jpg 1024w, https:\/\/easy-rider-world.com\/wp-content\/uploads\/2025\/05\/FS_06205\u00a9funsolutionS-300x200.jpg 300w, https:\/\/easy-rider-world.com\/wp-content\/uploads\/2025\/05\/FS_06205\u00a9funsolutionS-768x512.jpg 768w, https:\/\/easy-rider-world.com\/wp-content\/uploads\/2025\/05\/FS_06205\u00a9funsolutionS-1536x1025.jpg 1536w, https:\/\/easy-rider-world.com\/wp-content\/uploads\/2025\/05\/FS_06205\u00a9funsolutionS-18x12.jpg 18w, https:\/\/easy-rider-world.com\/wp-content\/uploads\/2025\/05\/FS_06205\u00a9funsolutionS-1619x1080.jpg 1619w\" sizes=\"auto, (max-width: 1024px) 100vw, 1024px\" \/><figcaption class=\"wp-element-caption\">\u00a9 Tierklinik Maischeider Land GmbH<\/figcaption><\/figure>\n\n\n\n<figure class=\"wp-block-image size-large\"><img loading=\"lazy\" decoding=\"async\" width=\"1024\" height=\"683\" data-id=\"765\" src=\"https:\/\/easy-rider-world.com\/wp-content\/uploads\/2025\/05\/FS_08665\u00a9funsolutionS-1024x683.jpg\" alt=\"\" class=\"wp-image-765\" srcset=\"https:\/\/easy-rider-world.com\/wp-content\/uploads\/2025\/05\/FS_08665\u00a9funsolutionS-1024x683.jpg 1024w, https:\/\/easy-rider-world.com\/wp-content\/uploads\/2025\/05\/FS_08665\u00a9funsolutionS-300x200.jpg 300w, https:\/\/easy-rider-world.com\/wp-content\/uploads\/2025\/05\/FS_08665\u00a9funsolutionS-768x512.jpg 768w, https:\/\/easy-rider-world.com\/wp-content\/uploads\/2025\/05\/FS_08665\u00a9funsolutionS-1536x1025.jpg 1536w, https:\/\/easy-rider-world.com\/wp-content\/uploads\/2025\/05\/FS_08665\u00a9funsolutionS-18x12.jpg 18w, https:\/\/easy-rider-world.com\/wp-content\/uploads\/2025\/05\/FS_08665\u00a9funsolutionS-1619x1080.jpg 1619w\" sizes=\"auto, (max-width: 1024px) 100vw, 1024px\" \/><figcaption class=\"wp-element-caption\">\u00a9 Tierklinik Maischeider Land GmbH<\/figcaption><\/figure>\n\n\n\n<figure class=\"wp-block-image size-large\"><img loading=\"lazy\" decoding=\"async\" width=\"1024\" height=\"683\" data-id=\"764\" src=\"https:\/\/easy-rider-world.com\/wp-content\/uploads\/2025\/05\/FS_06749\u00a9funsolutionS-1024x683.jpg\" alt=\"Notfalltransport , Untersuchung\" class=\"wp-image-764\" srcset=\"https:\/\/easy-rider-world.com\/wp-content\/uploads\/2025\/05\/FS_06749\u00a9funsolutionS-1024x683.jpg 1024w, https:\/\/easy-rider-world.com\/wp-content\/uploads\/2025\/05\/FS_06749\u00a9funsolutionS-300x200.jpg 300w, https:\/\/easy-rider-world.com\/wp-content\/uploads\/2025\/05\/FS_06749\u00a9funsolutionS-768x512.jpg 768w, https:\/\/easy-rider-world.com\/wp-content\/uploads\/2025\/05\/FS_06749\u00a9funsolutionS-1536x1025.jpg 1536w, https:\/\/easy-rider-world.com\/wp-content\/uploads\/2025\/05\/FS_06749\u00a9funsolutionS-18x12.jpg 18w, https:\/\/easy-rider-world.com\/wp-content\/uploads\/2025\/05\/FS_06749\u00a9funsolutionS-1619x1080.jpg 1619w\" sizes=\"auto, (max-width: 1024px) 100vw, 1024px\" \/><figcaption class=\"wp-element-caption\">\u00a9 Tierklinik Maischeider Land GmbH<\/figcaption><\/figure>\n\n\n\n<figure class=\"wp-block-image size-large\"><img loading=\"lazy\" decoding=\"async\" width=\"576\" height=\"1024\" data-id=\"759\" src=\"https:\/\/easy-rider-world.com\/wp-content\/uploads\/2025\/05\/IMG_2246-576x1024.jpeg\" alt=\"Notfalltransport, Verletzung\" class=\"wp-image-759\" srcset=\"https:\/\/easy-rider-world.com\/wp-content\/uploads\/2025\/05\/IMG_2246-576x1024.jpeg 576w, https:\/\/easy-rider-world.com\/wp-content\/uploads\/2025\/05\/IMG_2246-169x300.jpeg 169w, https:\/\/easy-rider-world.com\/wp-content\/uploads\/2025\/05\/IMG_2246-768x1365.jpeg 768w, https:\/\/easy-rider-world.com\/wp-content\/uploads\/2025\/05\/IMG_2246-864x1536.jpeg 864w, https:\/\/easy-rider-world.com\/wp-content\/uploads\/2025\/05\/IMG_2246-1152x2048.jpeg 1152w, https:\/\/easy-rider-world.com\/wp-content\/uploads\/2025\/05\/IMG_2246-7x12.jpeg 7w, https:\/\/easy-rider-world.com\/wp-content\/uploads\/2025\/05\/IMG_2246-1024x1820.jpeg 1024w, https:\/\/easy-rider-world.com\/wp-content\/uploads\/2025\/05\/IMG_2246-608x1080.jpeg 608w, https:\/\/easy-rider-world.com\/wp-content\/uploads\/2025\/05\/IMG_2246-scaled.jpeg 1440w\" sizes=\"auto, (max-width: 576px) 100vw, 576px\" \/><\/figure>\n\n\n\n<figure class=\"wp-block-image size-large\"><img loading=\"lazy\" decoding=\"async\" width=\"1024\" height=\"576\" data-id=\"490\" src=\"https:\/\/easy-rider-world.com\/wp-content\/uploads\/2024\/12\/IMG_9513-1024x576.jpeg\" alt=\"\" class=\"wp-image-490\" srcset=\"https:\/\/easy-rider-world.com\/wp-content\/uploads\/2024\/12\/IMG_9513-1024x576.jpeg 1024w, https:\/\/easy-rider-world.com\/wp-content\/uploads\/2024\/12\/IMG_9513-300x169.jpeg 300w, https:\/\/easy-rider-world.com\/wp-content\/uploads\/2024\/12\/IMG_9513-768x432.jpeg 768w, https:\/\/easy-rider-world.com\/wp-content\/uploads\/2024\/12\/IMG_9513-1536x864.jpeg 1536w, https:\/\/easy-rider-world.com\/wp-content\/uploads\/2024\/12\/IMG_9513-2048x1152.jpeg 2048w, https:\/\/easy-rider-world.com\/wp-content\/uploads\/2024\/12\/IMG_9513-1920x1080.jpeg 1920w\" sizes=\"auto, (max-width: 1024px) 100vw, 1024px\" \/><\/figure>\n\n\n\n<figure class=\"wp-block-image size-large\"><img loading=\"lazy\" decoding=\"async\" width=\"1024\" height=\"576\" data-id=\"488\" src=\"https:\/\/easy-rider-world.com\/wp-content\/uploads\/2024\/12\/IMG_2690-1024x576.jpeg\" alt=\"\" class=\"wp-image-488\" srcset=\"https:\/\/easy-rider-world.com\/wp-content\/uploads\/2024\/12\/IMG_2690-1024x576.jpeg 1024w, https:\/\/easy-rider-world.com\/wp-content\/uploads\/2024\/12\/IMG_2690-300x169.jpeg 300w, https:\/\/easy-rider-world.com\/wp-content\/uploads\/2024\/12\/IMG_2690-768x432.jpeg 768w, https:\/\/easy-rider-world.com\/wp-content\/uploads\/2024\/12\/IMG_2690-1536x864.jpeg 1536w, https:\/\/easy-rider-world.com\/wp-content\/uploads\/2024\/12\/IMG_2690-2048x1152.jpeg 2048w, https:\/\/easy-rider-world.com\/wp-content\/uploads\/2024\/12\/IMG_2690-1920x1080.jpeg 1920w\" sizes=\"auto, (max-width: 1024px) 100vw, 1024px\" \/><\/figure>\n\n\n\n<figure class=\"wp-block-image size-large\"><img loading=\"lazy\" decoding=\"async\" width=\"1024\" height=\"576\" data-id=\"487\" src=\"https:\/\/easy-rider-world.com\/wp-content\/uploads\/2024\/12\/IMG_3593-1024x576.jpeg\" alt=\"\" class=\"wp-image-487\" srcset=\"https:\/\/easy-rider-world.com\/wp-content\/uploads\/2024\/12\/IMG_3593-1024x576.jpeg 1024w, https:\/\/easy-rider-world.com\/wp-content\/uploads\/2024\/12\/IMG_3593-300x169.jpeg 300w, https:\/\/easy-rider-world.com\/wp-content\/uploads\/2024\/12\/IMG_3593-768x432.jpeg 768w, https:\/\/easy-rider-world.com\/wp-content\/uploads\/2024\/12\/IMG_3593-1536x864.jpeg 1536w, https:\/\/easy-rider-world.com\/wp-content\/uploads\/2024\/12\/IMG_3593-2048x1152.jpeg 2048w, https:\/\/easy-rider-world.com\/wp-content\/uploads\/2024\/12\/IMG_3593-1920x1080.jpeg 1920w\" sizes=\"auto, (max-width: 1024px) 100vw, 1024px\" \/><\/figure>\n\n\n\n<figure class=\"wp-block-image size-large\"><img loading=\"lazy\" decoding=\"async\" width=\"1024\" height=\"576\" data-id=\"471\" src=\"https:\/\/easy-rider-world.com\/wp-content\/uploads\/2024\/12\/IMG_3588-1024x576.jpeg\" alt=\"\" class=\"wp-image-471\" srcset=\"https:\/\/easy-rider-world.com\/wp-content\/uploads\/2024\/12\/IMG_3588-1024x576.jpeg 1024w, https:\/\/easy-rider-world.com\/wp-content\/uploads\/2024\/12\/IMG_3588-300x169.jpeg 300w, https:\/\/easy-rider-world.com\/wp-content\/uploads\/2024\/12\/IMG_3588-768x432.jpeg 768w, https:\/\/easy-rider-world.com\/wp-content\/uploads\/2024\/12\/IMG_3588-1536x864.jpeg 1536w, https:\/\/easy-rider-world.com\/wp-content\/uploads\/2024\/12\/IMG_3588-2048x1152.jpeg 2048w, https:\/\/easy-rider-world.com\/wp-content\/uploads\/2024\/12\/IMG_3588-1920x1080.jpeg 1920w\" sizes=\"auto, (max-width: 1024px) 100vw, 1024px\" \/><\/figure>\n\n\n\n<figure class=\"wp-block-image size-large\"><img loading=\"lazy\" decoding=\"async\" width=\"1024\" height=\"768\" data-id=\"194\" src=\"https:\/\/easy-rider-world.com\/wp-content\/uploads\/2024\/07\/EASYVet-247-1024x768.jpeg\" alt=\"Notfalltransport f\u00fcr Pferde\" class=\"wp-image-194\" srcset=\"https:\/\/easy-rider-world.com\/wp-content\/uploads\/2024\/07\/EASYVet-247-1024x768.jpeg 1024w, https:\/\/easy-rider-world.com\/wp-content\/uploads\/2024\/07\/EASYVet-247-300x225.jpeg 300w, https:\/\/easy-rider-world.com\/wp-content\/uploads\/2024\/07\/EASYVet-247-768x576.jpeg 768w, https:\/\/easy-rider-world.com\/wp-content\/uploads\/2024\/07\/EASYVet-247.jpeg 1280w\" sizes=\"auto, (max-width: 1024px) 100vw, 1024px\" \/><\/figure>\n<\/figure>\n\n\n\n<div style=\"height:277px\" aria-hidden=\"true\" class=\"wp-block-spacer\"><\/div>\n\n\n<div class=\"wp-block-image\">\n<figure class=\"aligncenter size-full is-resized\"><img loading=\"lazy\" decoding=\"async\" width=\"200\" height=\"129\" src=\"https:\/\/easy-rider-world.com\/wp-content\/uploads\/2024\/04\/support-icon-e1713798117570.png\" alt=\"Notfalltransport, Support\" class=\"wp-image-85\" style=\"width:416px;height:auto\"\/><\/figure><\/div><\/div>\n<\/div>","protected":false},"excerpt":{"rendered":"<p>H\u00e4ufige Fragen zum Notfalltransport f\u00fcr Pferde Hier findest Du die h\u00e4ufigsten Fragen rund um das Thema &#8222;Notfalltransport f\u00fcr Pferde&#8220;. Wenn Du weitere Fragen hast , dann nimm doch einfach Kontakt mit Uns auf. Wir freuen Uns, Dich kennenzulernen \ud83d\ude42<\/p>","protected":false},"author":1,"featured_media":0,"parent":0,"menu_order":0,"comment_status":"closed","ping_status":"closed","template":"","meta":{"_uag_custom_page_level_css":"","footnotes":""},"class_list":["post-756","page","type-page","status-publish","hentry"],"yoast_head":"<!-- This site is optimized with the Yoast SEO plugin v27.5 - https:\/\/yoast.com\/product\/yoast-seo-wordpress\/ -->\n<title>FAQ&#039;s - Notfalltransport - EASYRider Pferdetransporte<\/title>\n<meta name=\"description\" content=\"FAQ&#039;s rund um den Notfalltransport f\u00fcr Pferde. Die h\u00e4ufigst gestellten Fragen und Antworten zum Thema findest Du hier\" \/>\n<meta name=\"robots\" content=\"index, follow, max-snippet:-1, max-image-preview:large, max-video-preview:-1\" \/>\n<link rel=\"canonical\" href=\"https:\/\/easy-rider-world.com\/pl\/faqs-notfalltransport-fuer-pferde\/\" \/>\n<meta property=\"og:locale\" content=\"pl_PL\" \/>\n<meta property=\"og:type\" content=\"article\" \/>\n<meta property=\"og:title\" content=\"FAQ&#039;s - Notfalltransport - EASYRider Pferdetransporte\" \/>\n<meta property=\"og:description\" content=\"FAQ&#039;s rund um den Notfalltransport f\u00fcr Pferde. Die h\u00e4ufigst gestellten Fragen und Antworten zum Thema findest Du hier\" \/>\n<meta property=\"og:url\" content=\"https:\/\/easy-rider-world.com\/pl\/faqs-notfalltransport-fuer-pferde\/\" \/>\n<meta property=\"og:site_name\" content=\"EASYRider Pferdetransporte\" \/>\n<meta property=\"article:publisher\" content=\"https:\/\/www.facebook.com\/easy.rocks\" \/>\n<meta property=\"article:modified_time\" content=\"2025-05-27T15:45:09+00:00\" \/>\n<meta property=\"og:image\" content=\"https:\/\/easy-rider-world.com\/wp-content\/uploads\/2025\/05\/IMG_2246-576x1024.jpeg\" \/>\n<meta name=\"twitter:card\" content=\"summary_large_image\" \/>\n<meta name=\"twitter:label1\" content=\"Szacowany czas czytania\" \/>\n\t<meta name=\"twitter:data1\" content=\"5 minut\" \/>\n<script type=\"application\/ld+json\" class=\"yoast-schema-graph\">{\"@context\":\"https:\\\/\\\/schema.org\",\"@graph\":[{\"@type\":\"WebPage\",\"@id\":\"https:\\\/\\\/easy-rider-world.com\\\/faqs-notfalltransport-fuer-pferde\\\/\",\"url\":\"https:\\\/\\\/easy-rider-world.com\\\/faqs-notfalltransport-fuer-pferde\\\/\",\"name\":\"FAQ's - Notfalltransport - EASYRider Pferdetransporte\",\"isPartOf\":{\"@id\":\"https:\\\/\\\/easy-rider-world.com\\\/#website\"},\"primaryImageOfPage\":{\"@id\":\"https:\\\/\\\/easy-rider-world.com\\\/faqs-notfalltransport-fuer-pferde\\\/#primaryimage\"},\"image\":{\"@id\":\"https:\\\/\\\/easy-rider-world.com\\\/faqs-notfalltransport-fuer-pferde\\\/#primaryimage\"},\"thumbnailUrl\":\"https:\\\/\\\/easy-rider-world.com\\\/wp-content\\\/uploads\\\/2025\\\/05\\\/IMG_2246-576x1024.jpeg\",\"datePublished\":\"2025-05-20T16:39:19+00:00\",\"dateModified\":\"2025-05-27T15:45:09+00:00\",\"description\":\"FAQ's rund um den Notfalltransport f\u00fcr Pferde. Die h\u00e4ufigst gestellten Fragen und Antworten zum Thema findest Du hier\",\"breadcrumb\":{\"@id\":\"https:\\\/\\\/easy-rider-world.com\\\/faqs-notfalltransport-fuer-pferde\\\/#breadcrumb\"},\"inLanguage\":\"pl-PL\",\"potentialAction\":[{\"@type\":\"ReadAction\",\"target\":[\"https:\\\/\\\/easy-rider-world.com\\\/faqs-notfalltransport-fuer-pferde\\\/\"]}]},{\"@type\":\"ImageObject\",\"inLanguage\":\"pl-PL\",\"@id\":\"https:\\\/\\\/easy-rider-world.com\\\/faqs-notfalltransport-fuer-pferde\\\/#primaryimage\",\"url\":\"https:\\\/\\\/easy-rider-world.com\\\/wp-content\\\/uploads\\\/2025\\\/05\\\/IMG_2246-576x1024.jpeg\",\"contentUrl\":\"https:\\\/\\\/easy-rider-world.com\\\/wp-content\\\/uploads\\\/2025\\\/05\\\/IMG_2246-576x1024.jpeg\"},{\"@type\":\"BreadcrumbList\",\"@id\":\"https:\\\/\\\/easy-rider-world.com\\\/faqs-notfalltransport-fuer-pferde\\\/#breadcrumb\",\"itemListElement\":[{\"@type\":\"ListItem\",\"position\":1,\"name\":\"Startseite\",\"item\":\"https:\\\/\\\/easy-rider-world.com\\\/\"},{\"@type\":\"ListItem\",\"position\":2,\"name\":\"FAQ&#8217;s &#8211; Notfalltransport\"}]},{\"@type\":\"WebSite\",\"@id\":\"https:\\\/\\\/easy-rider-world.com\\\/#website\",\"url\":\"https:\\\/\\\/easy-rider-world.com\\\/\",\"name\":\"EASYRider Pferdetransporte\",\"description\":\"Individuelle Pferdetransporte\",\"publisher\":{\"@id\":\"https:\\\/\\\/easy-rider-world.com\\\/#organization\"},\"potentialAction\":[{\"@type\":\"SearchAction\",\"target\":{\"@type\":\"EntryPoint\",\"urlTemplate\":\"https:\\\/\\\/easy-rider-world.com\\\/?s={search_term_string}\"},\"query-input\":{\"@type\":\"PropertyValueSpecification\",\"valueRequired\":true,\"valueName\":\"search_term_string\"}}],\"inLanguage\":\"pl-PL\"},{\"@type\":\"Organization\",\"@id\":\"https:\\\/\\\/easy-rider-world.com\\\/#organization\",\"name\":\"EASYRider Pferdetransporte\",\"url\":\"https:\\\/\\\/easy-rider-world.com\\\/\",\"logo\":{\"@type\":\"ImageObject\",\"inLanguage\":\"pl-PL\",\"@id\":\"https:\\\/\\\/easy-rider-world.com\\\/#\\\/schema\\\/logo\\\/image\\\/\",\"url\":\"https:\\\/\\\/easy-rider-world.com\\\/wp-content\\\/uploads\\\/2024\\\/04\\\/cropped-EASYRider-Logo-Shadow-Free.png\",\"contentUrl\":\"https:\\\/\\\/easy-rider-world.com\\\/wp-content\\\/uploads\\\/2024\\\/04\\\/cropped-EASYRider-Logo-Shadow-Free.png\",\"width\":500,\"height\":233,\"caption\":\"EASYRider Pferdetransporte\"},\"image\":{\"@id\":\"https:\\\/\\\/easy-rider-world.com\\\/#\\\/schema\\\/logo\\\/image\\\/\"},\"sameAs\":[\"https:\\\/\\\/www.facebook.com\\\/easy.rocks\"]}]}<\/script>\n<!-- \/ Yoast SEO plugin. -->","yoast_head_json":{"title":"FAQ's - Notfalltransport - EASYRider Pferdetransporte","description":"FAQ's rund um den Notfalltransport f\u00fcr Pferde. Die h\u00e4ufigst gestellten Fragen und Antworten zum Thema findest Du hier","robots":{"index":"index","follow":"follow","max-snippet":"max-snippet:-1","max-image-preview":"max-image-preview:large","max-video-preview":"max-video-preview:-1"},"canonical":"https:\/\/easy-rider-world.com\/pl\/faqs-notfalltransport-fuer-pferde\/","og_locale":"pl_PL","og_type":"article","og_title":"FAQ's - Notfalltransport - EASYRider Pferdetransporte","og_description":"FAQ's rund um den Notfalltransport f\u00fcr Pferde. Die h\u00e4ufigst gestellten Fragen und Antworten zum Thema findest Du hier","og_url":"https:\/\/easy-rider-world.com\/pl\/faqs-notfalltransport-fuer-pferde\/","og_site_name":"EASYRider Pferdetransporte","article_publisher":"https:\/\/www.facebook.com\/easy.rocks","article_modified_time":"2025-05-27T15:45:09+00:00","og_image":[{"url":"https:\/\/easy-rider-world.com\/wp-content\/uploads\/2025\/05\/IMG_2246-576x1024.jpeg","type":"","width":"","height":""}],"twitter_card":"summary_large_image","twitter_misc":{"Szacowany czas czytania":"5 minut"},"schema":{"@context":"https:\/\/schema.org","@graph":[{"@type":"WebPage","@id":"https:\/\/easy-rider-world.com\/faqs-notfalltransport-fuer-pferde\/","url":"https:\/\/easy-rider-world.com\/faqs-notfalltransport-fuer-pferde\/","name":"FAQ's - Notfalltransport - EASYRider Pferdetransporte","isPartOf":{"@id":"https:\/\/easy-rider-world.com\/#website"},"primaryImageOfPage":{"@id":"https:\/\/easy-rider-world.com\/faqs-notfalltransport-fuer-pferde\/#primaryimage"},"image":{"@id":"https:\/\/easy-rider-world.com\/faqs-notfalltransport-fuer-pferde\/#primaryimage"},"thumbnailUrl":"https:\/\/easy-rider-world.com\/wp-content\/uploads\/2025\/05\/IMG_2246-576x1024.jpeg","datePublished":"2025-05-20T16:39:19+00:00","dateModified":"2025-05-27T15:45:09+00:00","description":"FAQ's rund um den Notfalltransport f\u00fcr Pferde. Die h\u00e4ufigst gestellten Fragen und Antworten zum Thema findest Du hier","breadcrumb":{"@id":"https:\/\/easy-rider-world.com\/faqs-notfalltransport-fuer-pferde\/#breadcrumb"},"inLanguage":"pl-PL","potentialAction":[{"@type":"ReadAction","target":["https:\/\/easy-rider-world.com\/faqs-notfalltransport-fuer-pferde\/"]}]},{"@type":"ImageObject","inLanguage":"pl-PL","@id":"https:\/\/easy-rider-world.com\/faqs-notfalltransport-fuer-pferde\/#primaryimage","url":"https:\/\/easy-rider-world.com\/wp-content\/uploads\/2025\/05\/IMG_2246-576x1024.jpeg","contentUrl":"https:\/\/easy-rider-world.com\/wp-content\/uploads\/2025\/05\/IMG_2246-576x1024.jpeg"},{"@type":"BreadcrumbList","@id":"https:\/\/easy-rider-world.com\/faqs-notfalltransport-fuer-pferde\/#breadcrumb","itemListElement":[{"@type":"ListItem","position":1,"name":"Startseite","item":"https:\/\/easy-rider-world.com\/"},{"@type":"ListItem","position":2,"name":"FAQ&#8217;s &#8211; Notfalltransport"}]},{"@type":"WebSite","@id":"https:\/\/easy-rider-world.com\/#website","url":"https:\/\/easy-rider-world.com\/","name":"EASYRider Pferdetransporte","description":"Indywidualne Transporty Koni","publisher":{"@id":"https:\/\/easy-rider-world.com\/#organization"},"potentialAction":[{"@type":"SearchAction","target":{"@type":"EntryPoint","urlTemplate":"https:\/\/easy-rider-world.com\/?s={search_term_string}"},"query-input":{"@type":"PropertyValueSpecification","valueRequired":true,"valueName":"search_term_string"}}],"inLanguage":"pl-PL"},{"@type":"Organization","@id":"https:\/\/easy-rider-world.com\/#organization","name":"EASYRider Pferdetransporte","url":"https:\/\/easy-rider-world.com\/","logo":{"@type":"ImageObject","inLanguage":"pl-PL","@id":"https:\/\/easy-rider-world.com\/#\/schema\/logo\/image\/","url":"https:\/\/easy-rider-world.com\/wp-content\/uploads\/2024\/04\/cropped-EASYRider-Logo-Shadow-Free.png","contentUrl":"https:\/\/easy-rider-world.com\/wp-content\/uploads\/2024\/04\/cropped-EASYRider-Logo-Shadow-Free.png","width":500,"height":233,"caption":"EASYRider Pferdetransporte"},"image":{"@id":"https:\/\/easy-rider-world.com\/#\/schema\/logo\/image\/"},"sameAs":["https:\/\/www.facebook.com\/easy.rocks"]}]}},"uagb_featured_image_src":{"full":false,"thumbnail":false,"medium":false,"medium_large":false,"large":false,"1536x1536":false,"2048x2048":false,"trp-custom-language-flag":false,"post-thumbnail":false,"one-page-express-full-hd":false},"uagb_author_info":{"display_name":"admin","author_link":"https:\/\/easy-rider-world.com\/pl\/author\/admin\/"},"uagb_comment_info":0,"uagb_excerpt":"H\u00e4ufige Fragen zum Notfalltransport f\u00fcr Pferde Hier findest Du die h\u00e4ufigsten Fragen rund um das Thema &#8222;Notfalltransport f\u00fcr Pferde&#8220;. Wenn Du weitere Fragen hast , dann nimm doch einfach Kontakt mit Uns auf. Wir freuen Uns, Dich kennenzulernen \ud83d\ude42","_links":{"self":[{"href":"https:\/\/easy-rider-world.com\/pl\/wp-json\/wp\/v2\/pages\/756","targetHints":{"allow":["GET"]}}],"collection":[{"href":"https:\/\/easy-rider-world.com\/pl\/wp-json\/wp\/v2\/pages"}],"about":[{"href":"https:\/\/easy-rider-world.com\/pl\/wp-json\/wp\/v2\/types\/page"}],"author":[{"embeddable":true,"href":"https:\/\/easy-rider-world.com\/pl\/wp-json\/wp\/v2\/users\/1"}],"replies":[{"embeddable":true,"href":"https:\/\/easy-rider-world.com\/pl\/wp-json\/wp\/v2\/comments?post=756"}],"version-history":[{"count":47,"href":"https:\/\/easy-rider-world.com\/pl\/wp-json\/wp\/v2\/pages\/756\/revisions"}],"predecessor-version":[{"id":1043,"href":"https:\/\/easy-rider-world.com\/pl\/wp-json\/wp\/v2\/pages\/756\/revisions\/1043"}],"wp:attachment":[{"href":"https:\/\/easy-rider-world.com\/pl\/wp-json\/wp\/v2\/media?parent=756"}],"curies":[{"name":"wp","href":"https:\/\/api.w.org\/{rel}","templated":true}]}}