{"id":486,"date":"2024-12-04T00:11:30","date_gmt":"2024-12-04T00:11:30","guid":{"rendered":"http:\/\/neu.easy-rider-world.com\/?page_id=486"},"modified":"2025-05-20T09:39:06","modified_gmt":"2025-05-20T09:39:06","slug":"notfalltransport-das-ist-zu-beachten","status":"publish","type":"page","link":"https:\/\/easy-rider-world.com\/pl\/notfalltransport-das-ist-zu-beachten\/","title":{"rendered":"EASYVet Notfalltransport &#8211; Das ist zu beachten"},"content":{"rendered":"<h2 class=\"wp-block-heading\">Kurzanleitung f\u00fcr Pferdebesitzer<\/h2>\n\n\n\n<p class=\"has-medium-font-size\">Notfalltransporte von Pferden in eine Klinik finden in den meisten F\u00e4llen in einem stressvollen Umfeld statt. Du, als Pferdebesitzer befindest Dich im Ausnahmezustand und Dein krankes Pferd ist vollgepumpt mit Adrenalin oder fast nicht mehr ansprechbar.<br>Es gelten zudem spezielle Anforderungen, um das Tierwohl sicherzustellen und gesetzliche Vorgaben zu erf\u00fcllen.<br>Weil Du Dich und Dein Pferd f\u00fcr den Notfall gut vorbereitest, erh\u00f6hst Du die Chancen eines schnellen Transportes und somit auch der optimalen \u00e4rztlichen Versorgung Deines Pferdes. \u00a0<\/p>\n\n\n\n<div style=\"height:50px\" aria-hidden=\"true\" class=\"wp-block-spacer\"><\/div>\n\n\n\n<div class=\"wp-block-buttons is-content-justification-center is-layout-flex wp-container-core-buttons-is-layout-16018d1d wp-block-buttons-is-layout-flex\">\n<div class=\"wp-block-button has-custom-font-size is-style-fill\" style=\"font-size:18px\"><a class=\"wp-block-button__link has-vivid-red-background-color has-background wp-element-button\" href=\"tel:+491711945373\" style=\"border-radius:0px\">Notfallnummer EASYRider : 0171 194 5373<\/a><\/div>\n<\/div>\n\n\n\n<div style=\"height:50px\" aria-hidden=\"true\" class=\"wp-block-spacer\"><\/div>\n\n\n\n<div class=\"wp-block-columns are-vertically-aligned-top is-layout-flex wp-container-core-columns-is-layout-9d6595d7 wp-block-columns-is-layout-flex\">\n<div class=\"wp-block-column is-vertically-aligned-top is-layout-flow wp-block-column-is-layout-flow\" style=\"flex-basis:100%\">\n<h3 class=\"wp-block-heading\">Vorbereitung auf den Ernstfall: Checkliste f\u00fcr Pferd und Mensch<\/h3>\n\n\n\n<p class=\"has-medium-font-size\">Damit im Notfall schnell und stressfrei reagiert werden kann, ist es entscheidend, dass Pferd und Mensch gut vorbereitet sind. Hier eine erweiterte Liste mit Ma\u00dfnahmen und Materialien:<\/p>\n\n\n\n<div style=\"height:27px\" aria-hidden=\"true\" class=\"wp-block-spacer\"><\/div>\n\n\n\n<ul class=\"wp-block-list\">\n<li style=\"font-size:18px\"> <strong>Wichtige Dokumente griffbereit haben<\/strong><br>******************************************<br>\n<ul class=\"wp-block-list\">\n<li style=\"font-size:18px\"><strong>Equidenpass<\/strong>: <br>Muss immer aktuell und verf\u00fcgbar sein.<\/li>\n\n\n\n<li style=\"font-size:18px\"><strong>Notfallkontakte<\/strong>: <br>Liste mit Telefonnummern von Tierarzt, Transportunternehmen (z. B. EASYVet), Zielklinik und Stallbesitzer sollte im Stall aush\u00e4ngen oder leicht zug\u00e4nglich sein.<\/li>\n<\/ul>\n<\/li>\n<\/ul>\n\n\n\n<div style=\"height:27px\" aria-hidden=\"true\" class=\"wp-block-spacer\"><\/div>\n\n\n\n<ul class=\"wp-block-list\">\n<li style=\"font-size:18px\"><strong>Notfallausr\u00fcstung f\u00fcr das Pferd<\/strong><br>**********************************\n<ul class=\"wp-block-list\">\n<li style=\"font-size:18px\"><strong>Halfter und F\u00fchrstrick<\/strong>: <br>Stabil, gut sitzend und griffbereit.<\/li>\n\n\n\n<li style=\"font-size:18px\"><strong>Decke<\/strong>: <br>F\u00fcr k\u00fchlere Temperaturen, medikamentierte und\/ oder verletzte Pferde.<\/li>\n\n\n\n<li style=\"font-size:18px\"><strong>Stallgamaschen oder Bandagen<\/strong>: <br>Zum Schutz der Beine w\u00e4hrend des Transports.<\/li>\n\n\n\n<li style=\"font-size:18px\"><strong>Erste-Hilfe-Set f\u00fcr Pferde<\/strong>: <br>Inklusive Desinfektionsmittel, Verbandsmaterial und Schere.<\/li>\n<\/ul>\n<\/li>\n<\/ul>\n\n\n\n<div style=\"height:27px\" aria-hidden=\"true\" class=\"wp-block-spacer\"><\/div>\n\n\n\n<ul class=\"wp-block-list\">\n<li style=\"font-size:18px\"><strong>Training und Vorbereitung f\u00fcr das Pferd<\/strong><br>******************************************\n<ul class=\"wp-block-list\">\n<li style=\"font-size:18px\"><strong>Verladen \u00fcben<\/strong>: <br>Regelm\u00e4\u00dfiges Verladetraining reduziert Stress im Ernstfall.<\/li>\n\n\n\n<li style=\"font-size:18px\"><strong>Transportroutine etablieren<\/strong>: <br>Pferde, die an Fahrten gew\u00f6hnt sind, bleiben ruhiger.<\/li>\n\n\n\n<li style=\"font-size:18px\"><strong>Verhaltenstraining<\/strong>: <br>Pferde sollten an laute Ger\u00e4usche, enge R\u00e4ume und Menschen in Schutzkleidung gew\u00f6hnt werden.<\/li>\n<\/ul>\n<\/li>\n<\/ul>\n\n\n\n<div style=\"height:27px\" aria-hidden=\"true\" class=\"wp-block-spacer\"><\/div>\n\n\n\n<ul class=\"wp-block-list\">\n<li><strong>Vorbereitung f\u00fcr Pferdebesitzer<\/strong><br>**********************************\n<ul class=\"wp-block-list\">\n<li style=\"font-size:18px\"><strong>Stressmanagement<\/strong>: <br>Notfallpl\u00e4ne mit dem Team oder Stallbesitzern durchsprechen, um in der Situation ruhig zu bleiben.<\/li>\n\n\n\n<li style=\"font-size:18px\"><strong>Wissen erweitern<\/strong>: <br>Schulungen oder Webinare zu Erster Hilfe f\u00fcr Pferde und Notfallmanagement besuchen.<\/li>\n\n\n\n<li style=\"font-size:18px\"><strong>Back-Up Plan erstellen<\/strong>:<br>Liebste mit Dienstleistern f\u00fcr Notf\u00e4lle in deiner Region erstellen, um im Ernstfall schnell reagieren zu k\u00f6nnen. Transporteur und zus\u00e4tzliche Helfer im Notfall einplanen.<\/li>\n<\/ul>\n<\/li>\n<\/ul>\n\n\n\n<div style=\"height:27px\" aria-hidden=\"true\" class=\"wp-block-spacer\"><\/div>\n<\/div>\n<\/div>\n\n\n\n<h3 class=\"wp-block-heading\">Im Ernstfall &#8211; Notfalltransport buchen<\/h3>\n\n\n\n<p class=\"has-medium-font-size\">Der Notfalltransport Deines Pferdes in die Klinik erfordert eine rasche, aber gut organisierte Vorgehensweise. Hier die wichtigsten Schritte, damit auch Alles reibungslos klappt:<\/p>\n\n\n\n<div style=\"height:27px\" aria-hidden=\"true\" class=\"wp-block-spacer\"><\/div>\n\n\n\n<ul class=\"wp-block-list\">\n<li style=\"font-size:18px\"><strong>Sofortma\u00dfnahmen vor dem Transport<\/strong><br>****************************************\n<ul class=\"wp-block-list\">\n<li style=\"font-size:18px\"><strong>Tierarzt kontaktieren<\/strong>: I<br>nformiere sofort einen Tierarzt, um das Pferd zu stabilisieren und ggf. notwendige Ma\u00dfnahmen wie Sedierung oder Medikamentierung einzuleiten.<\/li>\n\n\n\n<li style=\"font-size:18px\"><strong>Dokumentation sicherstellen<\/strong>: <\/li>\n\n\n\n<li style=\"font-size:18px\">Halte den&nbsp;Equidenpass&nbsp;bereit. Dieser ist zwingend notwendig f\u00fcr den Transport und sollte stets aktuell sein.<\/li>\n\n\n\n<li style=\"font-size:18px\"><strong>Notfallausr\u00fcstung bereitlegen<\/strong>:<br>Halfter &amp; F\u00fchrstrick, Abschwitzdecke, Stallgamaschen oder Bandagen bereitlegen<\/li>\n<\/ul>\n<\/li>\n<\/ul>\n\n\n\n<div style=\"height:27px\" aria-hidden=\"true\" class=\"wp-block-spacer\"><\/div>\n\n\n\n<ul style=\"font-size:18px\" class=\"wp-block-list\">\n<li style=\"font-size:18px\"><strong>Kontaktaufnahme mit einem spezialisierten Transportunternehmen<\/strong><br>***********************************************************************\n<ul style=\"font-size:18px\" class=\"wp-block-list\">\n<li style=\"font-size:18px\"><strong>Erreichbarkeit<\/strong>: <br>W\u00e4hle einen Anbieter wie EASYRider mit einem&nbsp;Notfallservice (EASYVet 24\/7), der rund um die Uhr verf\u00fcgbar ist.<\/li>\n\n\n\n<li style=\"font-size:18px\"><strong>Informationen bereitstellen<\/strong>:\n<ul class=\"wp-block-list\">\n<li style=\"font-size:18px\">Standort des Pferdes<\/li>\n\n\n\n<li>Dein Name, Deine Anschrift, Deine Handynummer<\/li>\n\n\n\n<li style=\"font-size:18px\">Zielklinik.<\/li>\n\n\n\n<li style=\"font-size:18px\">Gesundheitszustand des Pferdes (vom Tierarzt dokumentiert).<\/li>\n<\/ul>\n<\/li>\n\n\n\n<li style=\"font-size:18px\"><strong>Transportvorbereitung<\/strong>:\n<ul class=\"wp-block-list\">\n<li style=\"font-size:18px\">Sind Formulare auszuf\u00fcllen?<\/li>\n\n\n\n<li style=\"font-size:18px\">Einchecken des Pferdes durch den Transporteur?<\/li>\n\n\n\n<li style=\"font-size:18px\">Welche Anforderungen bestehen bzgl. des Verladeortes?<\/li>\n\n\n\n<li style=\"font-size:18px\">Ankunftszeit abfragen<\/li>\n<\/ul>\n<\/li>\n<\/ul>\n<\/li>\n<\/ul>\n\n\n\n<div style=\"height:27px\" aria-hidden=\"true\" class=\"wp-block-spacer\"><\/div>\n\n\n\n<ul class=\"wp-block-list\">\n<li style=\"font-size:18px\"><strong>Organisatorische Anforderungen <\/strong><br>*******************************************\n<ul style=\"font-size:18px\" class=\"wp-block-list\">\n<li style=\"font-size:18px\"><strong>Medikamentierung oder Sedierung<\/strong>: <br>Darf nur unter tier\u00e4rztlicher Aufsicht erfolgen und muss schriftlich dokumentiert werden.<\/li>\n\n\n\n<li><strong>Besondere Anforderungen<\/strong>:<br>Gibt es seitens der Tier\u00e4rzte spezielle Anforderungen f\u00fcr den Transport? Was ist zu beachten?<\/li>\n\n\n\n<li><strong>Verladeort :<\/strong><br>Suche einen ruhigen und sicheren Ort zum Verladen Deines Pferdes.<\/li>\n<\/ul>\n<\/li>\n<\/ul>\n\n\n\n<div style=\"height:27px\" aria-hidden=\"true\" class=\"wp-block-spacer\"><\/div>\n\n\n\n<ul class=\"wp-block-list\">\n<li style=\"font-size:18px\"><strong>Kommunikation mit der Klinik<\/strong><br>********************************\n<ul class=\"wp-block-list\">\n<li>Informiere die Klinik \u00fcber die ungef\u00e4hre Ankunftszeit, damit das Team vor Ort bereitsteht.<\/li>\n\n\n\n<li>Falls der Transporteur Dein Pferd f\u00fcr Dich einchecken soll, informiere die Klinik auch dar\u00fcber.<\/li>\n<\/ul>\n<\/li>\n<\/ul>\n\n\n\n<div style=\"height:27px\" aria-hidden=\"true\" class=\"wp-block-spacer\"><\/div>\n\n\n\n<p class=\"has-medium-font-size\">Team EASYRider hat diesen Notfallplan f\u00fcr Dich erstellt, damit Du und dein Pferd im Ernstfall bestm\u00f6glich vorbereitet seid. Eine gute Organisation und regelm\u00e4\u00dfiges Training sind im Notfall entscheidend. Weil Zeit im Notfall ein kritischer Faktor und ein stressfreier Ablauf des Transportes die optimale Voraussetzung f\u00fcr einen guten Heilungsverlauf ist.<\/p>\n\n\n\n<p><\/p>","protected":false},"excerpt":{"rendered":"<p>Kurzanleitung f\u00fcr Pferdebesitzer Notfalltransporte von Pferden in eine Klinik finden in den meisten F\u00e4llen in einem stressvollen Umfeld statt. Du, als Pferdebesitzer befindest Dich im Ausnahmezustand und Dein krankes Pferd ist vollgepumpt mit Adrenalin oder fast nicht mehr ansprechbar.Es gelten zudem spezielle Anforderungen, um das Tierwohl sicherzustellen und gesetzliche Vorgaben zu erf\u00fcllen.Weil Du Dich und&hellip; <br \/> <a class=\"button small blue\" href=\"https:\/\/easy-rider-world.com\/pl\/notfalltransport-das-ist-zu-beachten\/\">Dowiedz si\u0119 wi\u0119cej<\/a><\/p>","protected":false},"author":1,"featured_media":0,"parent":0,"menu_order":0,"comment_status":"closed","ping_status":"closed","template":"","meta":{"_uag_custom_page_level_css":"","footnotes":""},"class_list":["post-486","page","type-page","status-publish","hentry"],"yoast_head":"<!-- This site is optimized with the Yoast SEO plugin v27.5 - https:\/\/yoast.com\/product\/yoast-seo-wordpress\/ -->\n<title>EASYVet Notfalltransport - Das ist zu beachten - EASYRider Pferdetransporte<\/title>\n<meta name=\"description\" content=\"EASYVet Notfalltransport-Kurzanleitung f\u00fcr Pferdebesitzer-Alle Informationen zur optimalen Vorbereitung auf den Notfall im Stall\" \/>\n<meta name=\"robots\" content=\"index, follow, max-snippet:-1, max-image-preview:large, max-video-preview:-1\" \/>\n<link rel=\"canonical\" href=\"https:\/\/easy-rider-world.com\/pl\/notfalltransport-das-ist-zu-beachten\/\" \/>\n<meta property=\"og:locale\" content=\"pl_PL\" \/>\n<meta property=\"og:type\" content=\"article\" \/>\n<meta property=\"og:title\" content=\"EASYVet Notfalltransport - Das ist zu beachten - EASYRider Pferdetransporte\" \/>\n<meta property=\"og:description\" content=\"EASYVet Notfalltransport-Kurzanleitung f\u00fcr Pferdebesitzer-Alle Informationen zur optimalen Vorbereitung auf den Notfall im Stall\" \/>\n<meta property=\"og:url\" content=\"https:\/\/easy-rider-world.com\/pl\/notfalltransport-das-ist-zu-beachten\/\" \/>\n<meta property=\"og:site_name\" content=\"EASYRider Pferdetransporte\" \/>\n<meta property=\"article:publisher\" content=\"https:\/\/www.facebook.com\/easy.rocks\" \/>\n<meta property=\"article:modified_time\" content=\"2025-05-20T09:39:06+00:00\" \/>\n<meta name=\"twitter:card\" content=\"summary_large_image\" \/>\n<meta name=\"twitter:label1\" content=\"Szacowany czas czytania\" \/>\n\t<meta name=\"twitter:data1\" content=\"4 minuty\" \/>\n<script type=\"application\/ld+json\" class=\"yoast-schema-graph\">{\"@context\":\"https:\\\/\\\/schema.org\",\"@graph\":[{\"@type\":\"WebPage\",\"@id\":\"https:\\\/\\\/easy-rider-world.com\\\/notfalltransport-das-ist-zu-beachten\\\/\",\"url\":\"https:\\\/\\\/easy-rider-world.com\\\/notfalltransport-das-ist-zu-beachten\\\/\",\"name\":\"EASYVet Notfalltransport - Das ist zu beachten - EASYRider Pferdetransporte\",\"isPartOf\":{\"@id\":\"https:\\\/\\\/easy-rider-world.com\\\/#website\"},\"datePublished\":\"2024-12-04T00:11:30+00:00\",\"dateModified\":\"2025-05-20T09:39:06+00:00\",\"description\":\"EASYVet Notfalltransport-Kurzanleitung f\u00fcr Pferdebesitzer-Alle Informationen zur optimalen Vorbereitung auf den Notfall im Stall\",\"breadcrumb\":{\"@id\":\"https:\\\/\\\/easy-rider-world.com\\\/notfalltransport-das-ist-zu-beachten\\\/#breadcrumb\"},\"inLanguage\":\"pl-PL\",\"potentialAction\":[{\"@type\":\"ReadAction\",\"target\":[\"https:\\\/\\\/easy-rider-world.com\\\/notfalltransport-das-ist-zu-beachten\\\/\"]}]},{\"@type\":\"BreadcrumbList\",\"@id\":\"https:\\\/\\\/easy-rider-world.com\\\/notfalltransport-das-ist-zu-beachten\\\/#breadcrumb\",\"itemListElement\":[{\"@type\":\"ListItem\",\"position\":1,\"name\":\"Startseite\",\"item\":\"https:\\\/\\\/easy-rider-world.com\\\/\"},{\"@type\":\"ListItem\",\"position\":2,\"name\":\"EASYVet Notfalltransport &#8211; Das ist zu beachten\"}]},{\"@type\":\"WebSite\",\"@id\":\"https:\\\/\\\/easy-rider-world.com\\\/#website\",\"url\":\"https:\\\/\\\/easy-rider-world.com\\\/\",\"name\":\"EASYRider Pferdetransporte\",\"description\":\"Individuelle Pferdetransporte\",\"publisher\":{\"@id\":\"https:\\\/\\\/easy-rider-world.com\\\/#organization\"},\"potentialAction\":[{\"@type\":\"SearchAction\",\"target\":{\"@type\":\"EntryPoint\",\"urlTemplate\":\"https:\\\/\\\/easy-rider-world.com\\\/?s={search_term_string}\"},\"query-input\":{\"@type\":\"PropertyValueSpecification\",\"valueRequired\":true,\"valueName\":\"search_term_string\"}}],\"inLanguage\":\"pl-PL\"},{\"@type\":\"Organization\",\"@id\":\"https:\\\/\\\/easy-rider-world.com\\\/#organization\",\"name\":\"EASYRider Pferdetransporte\",\"url\":\"https:\\\/\\\/easy-rider-world.com\\\/\",\"logo\":{\"@type\":\"ImageObject\",\"inLanguage\":\"pl-PL\",\"@id\":\"https:\\\/\\\/easy-rider-world.com\\\/#\\\/schema\\\/logo\\\/image\\\/\",\"url\":\"https:\\\/\\\/easy-rider-world.com\\\/wp-content\\\/uploads\\\/2024\\\/04\\\/cropped-EASYRider-Logo-Shadow-Free.png\",\"contentUrl\":\"https:\\\/\\\/easy-rider-world.com\\\/wp-content\\\/uploads\\\/2024\\\/04\\\/cropped-EASYRider-Logo-Shadow-Free.png\",\"width\":500,\"height\":233,\"caption\":\"EASYRider Pferdetransporte\"},\"image\":{\"@id\":\"https:\\\/\\\/easy-rider-world.com\\\/#\\\/schema\\\/logo\\\/image\\\/\"},\"sameAs\":[\"https:\\\/\\\/www.facebook.com\\\/easy.rocks\"]}]}<\/script>\n<!-- \/ Yoast SEO plugin. -->","yoast_head_json":{"title":"EASYVet Notfalltransport - Das ist zu beachten - EASYRider Pferdetransporte","description":"EASYVet Notfalltransport-Kurzanleitung f\u00fcr Pferdebesitzer-Alle Informationen zur optimalen Vorbereitung auf den Notfall im Stall","robots":{"index":"index","follow":"follow","max-snippet":"max-snippet:-1","max-image-preview":"max-image-preview:large","max-video-preview":"max-video-preview:-1"},"canonical":"https:\/\/easy-rider-world.com\/pl\/notfalltransport-das-ist-zu-beachten\/","og_locale":"pl_PL","og_type":"article","og_title":"EASYVet Notfalltransport - Das ist zu beachten - EASYRider Pferdetransporte","og_description":"EASYVet Notfalltransport-Kurzanleitung f\u00fcr Pferdebesitzer-Alle Informationen zur optimalen Vorbereitung auf den Notfall im Stall","og_url":"https:\/\/easy-rider-world.com\/pl\/notfalltransport-das-ist-zu-beachten\/","og_site_name":"EASYRider Pferdetransporte","article_publisher":"https:\/\/www.facebook.com\/easy.rocks","article_modified_time":"2025-05-20T09:39:06+00:00","twitter_card":"summary_large_image","twitter_misc":{"Szacowany czas czytania":"4 minuty"},"schema":{"@context":"https:\/\/schema.org","@graph":[{"@type":"WebPage","@id":"https:\/\/easy-rider-world.com\/notfalltransport-das-ist-zu-beachten\/","url":"https:\/\/easy-rider-world.com\/notfalltransport-das-ist-zu-beachten\/","name":"EASYVet Notfalltransport - Das ist zu beachten - EASYRider Pferdetransporte","isPartOf":{"@id":"https:\/\/easy-rider-world.com\/#website"},"datePublished":"2024-12-04T00:11:30+00:00","dateModified":"2025-05-20T09:39:06+00:00","description":"EASYVet Notfalltransport-Kurzanleitung f\u00fcr Pferdebesitzer-Alle Informationen zur optimalen Vorbereitung auf den Notfall im Stall","breadcrumb":{"@id":"https:\/\/easy-rider-world.com\/notfalltransport-das-ist-zu-beachten\/#breadcrumb"},"inLanguage":"pl-PL","potentialAction":[{"@type":"ReadAction","target":["https:\/\/easy-rider-world.com\/notfalltransport-das-ist-zu-beachten\/"]}]},{"@type":"BreadcrumbList","@id":"https:\/\/easy-rider-world.com\/notfalltransport-das-ist-zu-beachten\/#breadcrumb","itemListElement":[{"@type":"ListItem","position":1,"name":"Startseite","item":"https:\/\/easy-rider-world.com\/"},{"@type":"ListItem","position":2,"name":"EASYVet Notfalltransport &#8211; Das ist zu beachten"}]},{"@type":"WebSite","@id":"https:\/\/easy-rider-world.com\/#website","url":"https:\/\/easy-rider-world.com\/","name":"EASYRider Pferdetransporte","description":"Indywidualne Transporty Koni","publisher":{"@id":"https:\/\/easy-rider-world.com\/#organization"},"potentialAction":[{"@type":"SearchAction","target":{"@type":"EntryPoint","urlTemplate":"https:\/\/easy-rider-world.com\/?s={search_term_string}"},"query-input":{"@type":"PropertyValueSpecification","valueRequired":true,"valueName":"search_term_string"}}],"inLanguage":"pl-PL"},{"@type":"Organization","@id":"https:\/\/easy-rider-world.com\/#organization","name":"EASYRider Pferdetransporte","url":"https:\/\/easy-rider-world.com\/","logo":{"@type":"ImageObject","inLanguage":"pl-PL","@id":"https:\/\/easy-rider-world.com\/#\/schema\/logo\/image\/","url":"https:\/\/easy-rider-world.com\/wp-content\/uploads\/2024\/04\/cropped-EASYRider-Logo-Shadow-Free.png","contentUrl":"https:\/\/easy-rider-world.com\/wp-content\/uploads\/2024\/04\/cropped-EASYRider-Logo-Shadow-Free.png","width":500,"height":233,"caption":"EASYRider Pferdetransporte"},"image":{"@id":"https:\/\/easy-rider-world.com\/#\/schema\/logo\/image\/"},"sameAs":["https:\/\/www.facebook.com\/easy.rocks"]}]}},"uagb_featured_image_src":{"full":false,"thumbnail":false,"medium":false,"medium_large":false,"large":false,"1536x1536":false,"2048x2048":false,"trp-custom-language-flag":false,"post-thumbnail":false,"one-page-express-full-hd":false},"uagb_author_info":{"display_name":"admin","author_link":"https:\/\/easy-rider-world.com\/pl\/author\/admin\/"},"uagb_comment_info":0,"uagb_excerpt":"Kurzanleitung f\u00fcr Pferdebesitzer Notfalltransporte von Pferden in eine Klinik finden in den meisten F\u00e4llen in einem stressvollen Umfeld statt. Du, als Pferdebesitzer befindest Dich im Ausnahmezustand und Dein krankes Pferd ist vollgepumpt mit Adrenalin oder fast nicht mehr ansprechbar.Es gelten zudem spezielle Anforderungen, um das Tierwohl sicherzustellen und gesetzliche Vorgaben zu erf\u00fcllen.Weil Du Dich und&hellip;&hellip;","_links":{"self":[{"href":"https:\/\/easy-rider-world.com\/pl\/wp-json\/wp\/v2\/pages\/486","targetHints":{"allow":["GET"]}}],"collection":[{"href":"https:\/\/easy-rider-world.com\/pl\/wp-json\/wp\/v2\/pages"}],"about":[{"href":"https:\/\/easy-rider-world.com\/pl\/wp-json\/wp\/v2\/types\/page"}],"author":[{"embeddable":true,"href":"https:\/\/easy-rider-world.com\/pl\/wp-json\/wp\/v2\/users\/1"}],"replies":[{"embeddable":true,"href":"https:\/\/easy-rider-world.com\/pl\/wp-json\/wp\/v2\/comments?post=486"}],"version-history":[{"count":50,"href":"https:\/\/easy-rider-world.com\/pl\/wp-json\/wp\/v2\/pages\/486\/revisions"}],"predecessor-version":[{"id":684,"href":"https:\/\/easy-rider-world.com\/pl\/wp-json\/wp\/v2\/pages\/486\/revisions\/684"}],"wp:attachment":[{"href":"https:\/\/easy-rider-world.com\/pl\/wp-json\/wp\/v2\/media?parent=486"}],"curies":[{"name":"wp","href":"https:\/\/api.w.org\/{rel}","templated":true}]}}