{"id":470,"date":"2024-12-03T22:04:25","date_gmt":"2024-12-03T22:04:25","guid":{"rendered":"http:\/\/neu.easy-rider-world.com\/?page_id=470"},"modified":"2025-05-27T15:03:06","modified_gmt":"2025-05-27T15:03:06","slug":"in-die-klinik-so-gehts-easy","status":"publish","type":"page","link":"https:\/\/easy-rider-world.com\/pl\/in-die-klinik-so-gehts-easy\/","title":{"rendered":"In die Klinik? &#8211; So geht&#8217;s mit EASYVet-Service!"},"content":{"rendered":"<h2 class=\"wp-block-heading has-text-align-center has-large-font-size\">Notfalltransport oder geplanter Klinikaufenthalt &#8211; Alles kein Problem!<\/h2>\n\n\n\n<div style=\"height:56px\" aria-hidden=\"true\" class=\"wp-block-spacer\"><\/div>\n\n\n\n<div class=\"wp-block-columns is-layout-flex wp-container-core-columns-is-layout-9d6595d7 wp-block-columns-is-layout-flex\">\n<div class=\"wp-block-column is-layout-flow wp-block-column-is-layout-flow\">\n<figure class=\"wp-block-image size-large\"><img loading=\"lazy\" decoding=\"async\" width=\"1024\" height=\"576\" src=\"https:\/\/www.easy-rider-world.com\/wp-content\/uploads\/2024\/12\/IMG_3588-1024x576.jpeg\" alt=\"EASYVet Service\" class=\"wp-image-471\" srcset=\"https:\/\/easy-rider-world.com\/wp-content\/uploads\/2024\/12\/IMG_3588-1024x576.jpeg 1024w, https:\/\/easy-rider-world.com\/wp-content\/uploads\/2024\/12\/IMG_3588-300x169.jpeg 300w, https:\/\/easy-rider-world.com\/wp-content\/uploads\/2024\/12\/IMG_3588-768x432.jpeg 768w, https:\/\/easy-rider-world.com\/wp-content\/uploads\/2024\/12\/IMG_3588-1536x864.jpeg 1536w, https:\/\/easy-rider-world.com\/wp-content\/uploads\/2024\/12\/IMG_3588-2048x1152.jpeg 2048w, https:\/\/easy-rider-world.com\/wp-content\/uploads\/2024\/12\/IMG_3588-1920x1080.jpeg 1920w\" sizes=\"auto, (max-width: 1024px) 100vw, 1024px\" \/><\/figure>\n\n\n\n<div style=\"height:27px\" aria-hidden=\"true\" class=\"wp-block-spacer\"><\/div>\n\n\n\n<p class=\"has-medium-font-size\"><strong>EASYVet <\/strong>ist der spezialisierte Klinik-Service von EASYRider, der Pferdebesitzern umfassende Unterst\u00fctzung in Notf\u00e4llen und bei tier\u00e4rztlichen Transporten bietet.<\/p>\n\n\n\n<p class=\"has-medium-font-size\">Dieser Service ist in zwei Varianten verf\u00fcgbar:&nbsp;<strong>EASYVet 24\/7<\/strong>&nbsp;f\u00fcr akute Notf\u00e4lle rund um die Uhr und&nbsp;<strong>EASYVet<\/strong>, der geplante Transporte f\u00fcr Routineuntersuchungen oder Klinikaufenthalte abdeckt.<\/p>\n\n\n\n<p class=\"has-medium-font-size\">Das Besondere an <strong>EASYVet<\/strong> ist das Leistungsspektrum in Kombination mit Erfahrung&amp; Professionalit\u00e4t des Teams. <br>Sowohl Dawid als auch Patricia bringen bei jedem Pferdetransport ihre umfassende Reitsport- und Pferdeexpertise ein. Team EASYRider arbeitet seit Jahren eng mit Tier\u00e4rzten und Tierkliniken zusammen. So kann der &#8211; f\u00fcr kranke Pferde so wichtige &#8211; stressfreie und sichere Ablauf der Notfalltransporte gew\u00e4hrleistet werden.  Dabei wird stets darauf geachtet, die tier\u00e4rztlichen Anforderungen und individuellen Bed\u00fcrfnisse jedes Tieres zu erf\u00fcllen.<\/p>\n\n\n\n<p class=\"has-medium-font-size\">Mit einem gut ausgestatteten Fahrzeug, zertifiziertem Personal und einem tiefen Verst\u00e4ndnis f\u00fcr das Wohlbefinden von Pferden bietet <strong>EASYVet<\/strong> den Komfort und die Sicherheit, die f\u00fcr medizinische Transporte notwendig sind.<\/p>\n<\/div>\n\n\n\n<div class=\"wp-block-column is-layout-flow wp-block-column-is-layout-flow\">\n<p class=\"has-medium-font-size\">Die Organisation erfolgt in Absprache mit den Besitzern und Kliniken, um Transparenz und einen reibungslosen Ablauf zu gew\u00e4hrleisten. Weil auch in dieser schwierigen Situation gilt:<\/p>\n\n\n\n<blockquote class=\"wp-block-quote is-layout-flow wp-block-quote-is-layout-flow\">\n<p class=\"has-medium-font-size\"><strong>Teamwork makes the Dream work<\/strong><\/p>\n<\/blockquote>\n\n\n\n<p class=\"has-medium-font-size\">Ob es sich um <strong><a href=\"https:\/\/easy-rider-world.com\/pl\/notfalltransport-das-ist-zu-beachten\/\">Notfalltransporte<\/a><\/strong> oder <strong>geplante Klinikaufenthalte<\/strong> handelt \u2013 Unser <strong>EASYVet Service<\/strong> ist der verl\u00e4ssliche Partner, wenn es um die Gesundheit und Sicherheit des Pferdes geht, weil er gezielt auf die Bed\u00fcrfnisse von kranken Pferden und deren Besitzern zugeschnitten ist.<\/p>\n\n\n\n<p class=\"has-medium-font-size\"><strong>Weitere Informationen \u00fcber diesen Service und Buchungsm\u00f6glichkeiten kannst Du direkt per Telefon, WhatsApp erfragen unter 0171 194 5373 oder auch per E-Mail unter info@easy-rider-world.com  <\/strong><\/p>\n\n\n\n<a href=\"https:\/\/wa.me\/+491711945373\" target=\"_blank\">\n    <img decoding=\"async\" src=\"https:\/\/easy-rider-world.com\/wp-content\/uploads\/2024\/12\/Emergency-Call-EASYRider-400-x-300-px.png\" alt=\"Chat on WhatsApp\">\n<\/a>\n\n\n\n<p class=\"has-text-align-center\"><em><strong>Weil Du es eilig hast: <\/strong><\/em><br><em>Einfach auf das Bild klicken und per WhatsApp Kontakt aufnehmen!<\/em><\/p>\n<\/div>\n<\/div>","protected":false},"excerpt":{"rendered":"<p>Notfalltransport oder geplanter Klinikaufenthalt &#8211; Alles kein Problem! EASYVet ist der spezialisierte Klinik-Service von EASYRider, der Pferdebesitzern umfassende Unterst\u00fctzung in Notf\u00e4llen und bei tier\u00e4rztlichen Transporten bietet. Dieser Service ist in zwei Varianten verf\u00fcgbar:&nbsp;EASYVet 24\/7&nbsp;f\u00fcr akute Notf\u00e4lle rund um die Uhr und&nbsp;EASYVet, der geplante Transporte f\u00fcr Routineuntersuchungen oder Klinikaufenthalte abdeckt. Das Besondere an EASYVet ist das&hellip; <br \/> <a class=\"button small blue\" href=\"https:\/\/easy-rider-world.com\/pl\/in-die-klinik-so-gehts-easy\/\">Dowiedz si\u0119 wi\u0119cej<\/a><\/p>","protected":false},"author":1,"featured_media":0,"parent":0,"menu_order":0,"comment_status":"closed","ping_status":"closed","template":"","meta":{"_uag_custom_page_level_css":"","footnotes":""},"class_list":["post-470","page","type-page","status-publish","hentry"],"yoast_head":"<!-- This site is optimized with the Yoast SEO plugin v27.5 - https:\/\/yoast.com\/product\/yoast-seo-wordpress\/ -->\n<title>In die Klinik? - So geht&#039;s mit EASYVet-Service! - EASYRider Pferdetransporte<\/title>\n<meta name=\"description\" content=\"Dein Pferd mu\u00df in die Klinik? So geht&#039;s EASY mit unserem EASYVet Service. 24 Stunden -7 Tage in der Woche -Einfach Kontakt aufnehmen.\" \/>\n<meta name=\"robots\" content=\"index, follow, max-snippet:-1, max-image-preview:large, max-video-preview:-1\" \/>\n<link rel=\"canonical\" href=\"https:\/\/easy-rider-world.com\/pl\/in-die-klinik-so-gehts-easy\/\" \/>\n<meta property=\"og:locale\" content=\"pl_PL\" \/>\n<meta property=\"og:type\" content=\"article\" \/>\n<meta property=\"og:title\" content=\"In die Klinik? - So geht&#039;s mit EASYVet-Service! - EASYRider Pferdetransporte\" \/>\n<meta property=\"og:description\" content=\"Dein Pferd mu\u00df in die Klinik? So geht&#039;s EASY mit unserem EASYVet Service. 24 Stunden -7 Tage in der Woche -Einfach Kontakt aufnehmen.\" \/>\n<meta property=\"og:url\" content=\"https:\/\/easy-rider-world.com\/pl\/in-die-klinik-so-gehts-easy\/\" \/>\n<meta property=\"og:site_name\" content=\"EASYRider Pferdetransporte\" \/>\n<meta property=\"article:publisher\" content=\"https:\/\/www.facebook.com\/easy.rocks\" \/>\n<meta property=\"article:modified_time\" content=\"2025-05-27T15:03:06+00:00\" \/>\n<meta property=\"og:image\" content=\"https:\/\/easy-rider-world.com\/wp-content\/uploads\/2024\/12\/IMG_3588-scaled.jpeg\" \/>\n\t<meta property=\"og:image:width\" content=\"2560\" \/>\n\t<meta property=\"og:image:height\" content=\"1440\" \/>\n\t<meta property=\"og:image:type\" content=\"image\/jpeg\" \/>\n<meta name=\"twitter:card\" content=\"summary_large_image\" \/>\n<meta name=\"twitter:label1\" content=\"Szacowany czas czytania\" \/>\n\t<meta name=\"twitter:data1\" content=\"2 minuty\" \/>\n<script type=\"application\/ld+json\" class=\"yoast-schema-graph\">{\"@context\":\"https:\\\/\\\/schema.org\",\"@graph\":[{\"@type\":\"WebPage\",\"@id\":\"https:\\\/\\\/easy-rider-world.com\\\/in-die-klinik-so-gehts-easy\\\/\",\"url\":\"https:\\\/\\\/easy-rider-world.com\\\/in-die-klinik-so-gehts-easy\\\/\",\"name\":\"In die Klinik? - So geht's mit EASYVet-Service! - EASYRider Pferdetransporte\",\"isPartOf\":{\"@id\":\"https:\\\/\\\/easy-rider-world.com\\\/#website\"},\"primaryImageOfPage\":{\"@id\":\"https:\\\/\\\/easy-rider-world.com\\\/in-die-klinik-so-gehts-easy\\\/#primaryimage\"},\"image\":{\"@id\":\"https:\\\/\\\/easy-rider-world.com\\\/in-die-klinik-so-gehts-easy\\\/#primaryimage\"},\"thumbnailUrl\":\"https:\\\/\\\/www.easy-rider-world.com\\\/wp-content\\\/uploads\\\/2024\\\/12\\\/IMG_3588-1024x576.jpeg\",\"datePublished\":\"2024-12-03T22:04:25+00:00\",\"dateModified\":\"2025-05-27T15:03:06+00:00\",\"description\":\"Dein Pferd mu\u00df in die Klinik? So geht's EASY mit unserem EASYVet Service. 24 Stunden -7 Tage in der Woche -Einfach Kontakt aufnehmen.\",\"breadcrumb\":{\"@id\":\"https:\\\/\\\/easy-rider-world.com\\\/in-die-klinik-so-gehts-easy\\\/#breadcrumb\"},\"inLanguage\":\"pl-PL\",\"potentialAction\":[{\"@type\":\"ReadAction\",\"target\":[\"https:\\\/\\\/easy-rider-world.com\\\/in-die-klinik-so-gehts-easy\\\/\"]}]},{\"@type\":\"ImageObject\",\"inLanguage\":\"pl-PL\",\"@id\":\"https:\\\/\\\/easy-rider-world.com\\\/in-die-klinik-so-gehts-easy\\\/#primaryimage\",\"url\":\"https:\\\/\\\/www.easy-rider-world.com\\\/wp-content\\\/uploads\\\/2024\\\/12\\\/IMG_3588-1024x576.jpeg\",\"contentUrl\":\"https:\\\/\\\/www.easy-rider-world.com\\\/wp-content\\\/uploads\\\/2024\\\/12\\\/IMG_3588-1024x576.jpeg\"},{\"@type\":\"BreadcrumbList\",\"@id\":\"https:\\\/\\\/easy-rider-world.com\\\/in-die-klinik-so-gehts-easy\\\/#breadcrumb\",\"itemListElement\":[{\"@type\":\"ListItem\",\"position\":1,\"name\":\"Startseite\",\"item\":\"https:\\\/\\\/easy-rider-world.com\\\/\"},{\"@type\":\"ListItem\",\"position\":2,\"name\":\"In die Klinik? &#8211; So geht&#8217;s mit EASYVet-Service!\"}]},{\"@type\":\"WebSite\",\"@id\":\"https:\\\/\\\/easy-rider-world.com\\\/#website\",\"url\":\"https:\\\/\\\/easy-rider-world.com\\\/\",\"name\":\"EASYRider Pferdetransporte\",\"description\":\"Individuelle Pferdetransporte\",\"publisher\":{\"@id\":\"https:\\\/\\\/easy-rider-world.com\\\/#organization\"},\"potentialAction\":[{\"@type\":\"SearchAction\",\"target\":{\"@type\":\"EntryPoint\",\"urlTemplate\":\"https:\\\/\\\/easy-rider-world.com\\\/?s={search_term_string}\"},\"query-input\":{\"@type\":\"PropertyValueSpecification\",\"valueRequired\":true,\"valueName\":\"search_term_string\"}}],\"inLanguage\":\"pl-PL\"},{\"@type\":\"Organization\",\"@id\":\"https:\\\/\\\/easy-rider-world.com\\\/#organization\",\"name\":\"EASYRider Pferdetransporte\",\"url\":\"https:\\\/\\\/easy-rider-world.com\\\/\",\"logo\":{\"@type\":\"ImageObject\",\"inLanguage\":\"pl-PL\",\"@id\":\"https:\\\/\\\/easy-rider-world.com\\\/#\\\/schema\\\/logo\\\/image\\\/\",\"url\":\"https:\\\/\\\/easy-rider-world.com\\\/wp-content\\\/uploads\\\/2024\\\/04\\\/cropped-EASYRider-Logo-Shadow-Free.png\",\"contentUrl\":\"https:\\\/\\\/easy-rider-world.com\\\/wp-content\\\/uploads\\\/2024\\\/04\\\/cropped-EASYRider-Logo-Shadow-Free.png\",\"width\":500,\"height\":233,\"caption\":\"EASYRider Pferdetransporte\"},\"image\":{\"@id\":\"https:\\\/\\\/easy-rider-world.com\\\/#\\\/schema\\\/logo\\\/image\\\/\"},\"sameAs\":[\"https:\\\/\\\/www.facebook.com\\\/easy.rocks\"]}]}<\/script>\n<!-- \/ Yoast SEO plugin. -->","yoast_head_json":{"title":"In die Klinik? - So geht's mit EASYVet-Service! - EASYRider Pferdetransporte","description":"Dein Pferd mu\u00df in die Klinik? So geht's EASY mit unserem EASYVet Service. 24 Stunden -7 Tage in der Woche -Einfach Kontakt aufnehmen.","robots":{"index":"index","follow":"follow","max-snippet":"max-snippet:-1","max-image-preview":"max-image-preview:large","max-video-preview":"max-video-preview:-1"},"canonical":"https:\/\/easy-rider-world.com\/pl\/in-die-klinik-so-gehts-easy\/","og_locale":"pl_PL","og_type":"article","og_title":"In die Klinik? - So geht's mit EASYVet-Service! - EASYRider Pferdetransporte","og_description":"Dein Pferd mu\u00df in die Klinik? So geht's EASY mit unserem EASYVet Service. 24 Stunden -7 Tage in der Woche -Einfach Kontakt aufnehmen.","og_url":"https:\/\/easy-rider-world.com\/pl\/in-die-klinik-so-gehts-easy\/","og_site_name":"EASYRider Pferdetransporte","article_publisher":"https:\/\/www.facebook.com\/easy.rocks","article_modified_time":"2025-05-27T15:03:06+00:00","og_image":[{"width":2560,"height":1440,"url":"https:\/\/easy-rider-world.com\/wp-content\/uploads\/2024\/12\/IMG_3588-scaled.jpeg","type":"image\/jpeg"}],"twitter_card":"summary_large_image","twitter_misc":{"Szacowany czas czytania":"2 minuty"},"schema":{"@context":"https:\/\/schema.org","@graph":[{"@type":"WebPage","@id":"https:\/\/easy-rider-world.com\/in-die-klinik-so-gehts-easy\/","url":"https:\/\/easy-rider-world.com\/in-die-klinik-so-gehts-easy\/","name":"In die Klinik? - So geht's mit EASYVet-Service! - EASYRider Pferdetransporte","isPartOf":{"@id":"https:\/\/easy-rider-world.com\/#website"},"primaryImageOfPage":{"@id":"https:\/\/easy-rider-world.com\/in-die-klinik-so-gehts-easy\/#primaryimage"},"image":{"@id":"https:\/\/easy-rider-world.com\/in-die-klinik-so-gehts-easy\/#primaryimage"},"thumbnailUrl":"https:\/\/www.easy-rider-world.com\/wp-content\/uploads\/2024\/12\/IMG_3588-1024x576.jpeg","datePublished":"2024-12-03T22:04:25+00:00","dateModified":"2025-05-27T15:03:06+00:00","description":"Dein Pferd mu\u00df in die Klinik? So geht's EASY mit unserem EASYVet Service. 24 Stunden -7 Tage in der Woche -Einfach Kontakt aufnehmen.","breadcrumb":{"@id":"https:\/\/easy-rider-world.com\/in-die-klinik-so-gehts-easy\/#breadcrumb"},"inLanguage":"pl-PL","potentialAction":[{"@type":"ReadAction","target":["https:\/\/easy-rider-world.com\/in-die-klinik-so-gehts-easy\/"]}]},{"@type":"ImageObject","inLanguage":"pl-PL","@id":"https:\/\/easy-rider-world.com\/in-die-klinik-so-gehts-easy\/#primaryimage","url":"https:\/\/www.easy-rider-world.com\/wp-content\/uploads\/2024\/12\/IMG_3588-1024x576.jpeg","contentUrl":"https:\/\/www.easy-rider-world.com\/wp-content\/uploads\/2024\/12\/IMG_3588-1024x576.jpeg"},{"@type":"BreadcrumbList","@id":"https:\/\/easy-rider-world.com\/in-die-klinik-so-gehts-easy\/#breadcrumb","itemListElement":[{"@type":"ListItem","position":1,"name":"Startseite","item":"https:\/\/easy-rider-world.com\/"},{"@type":"ListItem","position":2,"name":"In die Klinik? &#8211; So geht&#8217;s mit EASYVet-Service!"}]},{"@type":"WebSite","@id":"https:\/\/easy-rider-world.com\/#website","url":"https:\/\/easy-rider-world.com\/","name":"EASYRider Pferdetransporte","description":"Indywidualne Transporty Koni","publisher":{"@id":"https:\/\/easy-rider-world.com\/#organization"},"potentialAction":[{"@type":"SearchAction","target":{"@type":"EntryPoint","urlTemplate":"https:\/\/easy-rider-world.com\/?s={search_term_string}"},"query-input":{"@type":"PropertyValueSpecification","valueRequired":true,"valueName":"search_term_string"}}],"inLanguage":"pl-PL"},{"@type":"Organization","@id":"https:\/\/easy-rider-world.com\/#organization","name":"EASYRider Pferdetransporte","url":"https:\/\/easy-rider-world.com\/","logo":{"@type":"ImageObject","inLanguage":"pl-PL","@id":"https:\/\/easy-rider-world.com\/#\/schema\/logo\/image\/","url":"https:\/\/easy-rider-world.com\/wp-content\/uploads\/2024\/04\/cropped-EASYRider-Logo-Shadow-Free.png","contentUrl":"https:\/\/easy-rider-world.com\/wp-content\/uploads\/2024\/04\/cropped-EASYRider-Logo-Shadow-Free.png","width":500,"height":233,"caption":"EASYRider Pferdetransporte"},"image":{"@id":"https:\/\/easy-rider-world.com\/#\/schema\/logo\/image\/"},"sameAs":["https:\/\/www.facebook.com\/easy.rocks"]}]}},"uagb_featured_image_src":{"full":false,"thumbnail":false,"medium":false,"medium_large":false,"large":false,"1536x1536":false,"2048x2048":false,"trp-custom-language-flag":false,"post-thumbnail":false,"one-page-express-full-hd":false},"uagb_author_info":{"display_name":"admin","author_link":"https:\/\/easy-rider-world.com\/pl\/author\/admin\/"},"uagb_comment_info":0,"uagb_excerpt":"Notfalltransport oder geplanter Klinikaufenthalt &#8211; Alles kein Problem! EASYVet ist der spezialisierte Klinik-Service von EASYRider, der Pferdebesitzern umfassende Unterst\u00fctzung in Notf\u00e4llen und bei tier\u00e4rztlichen Transporten bietet. Dieser Service ist in zwei Varianten verf\u00fcgbar:&nbsp;EASYVet 24\/7&nbsp;f\u00fcr akute Notf\u00e4lle rund um die Uhr und&nbsp;EASYVet, der geplante Transporte f\u00fcr Routineuntersuchungen oder Klinikaufenthalte abdeckt. Das Besondere an EASYVet ist das&hellip;&hellip;","_links":{"self":[{"href":"https:\/\/easy-rider-world.com\/pl\/wp-json\/wp\/v2\/pages\/470","targetHints":{"allow":["GET"]}}],"collection":[{"href":"https:\/\/easy-rider-world.com\/pl\/wp-json\/wp\/v2\/pages"}],"about":[{"href":"https:\/\/easy-rider-world.com\/pl\/wp-json\/wp\/v2\/types\/page"}],"author":[{"embeddable":true,"href":"https:\/\/easy-rider-world.com\/pl\/wp-json\/wp\/v2\/users\/1"}],"replies":[{"embeddable":true,"href":"https:\/\/easy-rider-world.com\/pl\/wp-json\/wp\/v2\/comments?post=470"}],"version-history":[{"count":67,"href":"https:\/\/easy-rider-world.com\/pl\/wp-json\/wp\/v2\/pages\/470\/revisions"}],"predecessor-version":[{"id":1032,"href":"https:\/\/easy-rider-world.com\/pl\/wp-json\/wp\/v2\/pages\/470\/revisions\/1032"}],"wp:attachment":[{"href":"https:\/\/easy-rider-world.com\/pl\/wp-json\/wp\/v2\/media?parent=470"}],"curies":[{"name":"wp","href":"https:\/\/api.w.org\/{rel}","templated":true}]}}