{"id":1031,"date":"2025-05-27T15:22:29","date_gmt":"2025-05-27T15:22:29","guid":{"rendered":"https:\/\/easy-rider-world.com\/?page_id=1031"},"modified":"2025-05-27T20:40:30","modified_gmt":"2025-05-27T20:40:30","slug":"impressum","status":"publish","type":"page","link":"https:\/\/easy-rider-world.com\/pl\/impressum\/","title":{"rendered":"IMPRESSUM"},"content":{"rendered":"\n<section id=\"impressum\">\n  <h2>Impressum<\/h2>\n  <p><strong>EASYRider Pferdetransporte<\/strong><br>\n  Dawid Kurylko Reitsport<br>\n  Parnowo 1<br>\n  PL-76-028 Parnowo<br>\n  Polen<\/p>\n\n  <p><strong>Vertretungsberechtigt:<\/strong><br>\n  Dawid Kurylko &amp; Patricia Thompson<\/p>\n\n  <p><strong>Kontakt:<\/strong><br>\n  E-Mail: <a href=\"mailto:info@easy-rider-world.com\">info@easy-rider-world.com<\/a><br>\n  Telefon: +48 660 584 462 \/ +49 171 194 5373<br>\n  Website: <a href=\"https:\/\/www.easy-rider-world.com\">www.easy-rider-world.com<\/a><\/p>\n\n  <p><strong>Gewerbeanmeldung nach polnischem Recht:<\/strong><br>\n  Urz\u0105d Gminy Biesiekierz (Gemeindeverwaltung)<br>\n  Wojew\u00f3dztwo Zachodniopomorskie, Polen<\/p>\n\n  <p><strong>Steuernummer (NIP):<\/strong> [5921948423]<br>\n  <strong>REGON (Unternehmensregister):<\/strong> [383010540]<\/p>\n\n  <p><strong>Zust\u00e4ndige Aufsichtsbeh\u00f6rde:<\/strong><br>\n  Powiatowy Inspektorat Weterynarii, Koszalin<\/p>\n\n  <p><strong>USt-IdNr. gem\u00e4\u00df \u00a7 27 a UStG:<\/strong><br>\n  Wird beantragt \/ liegt vor unter: [Hier eintragen]<\/p>\n\n  <p><strong>Verantwortlich f\u00fcr den Inhalt nach \u00a7 55 Abs. 2 RStV:<\/strong><br>\n  Patricia Thompson<br>\n  Adresse wie oben<\/p>\n\n  <hr>\n\n  <h3>Bildquellen &amp; Urheberrechte<\/h3>\n  <p>Alle auf dieser Website verwendeten Bilder, Videos, Grafiken und Texte wurden, sofern nicht anders gekennzeichnet, von \n  <strong>Patricia Thompson \/ EASYRider Pferdetransporte<\/strong> erstellt. Sie unterliegen dem Urheberrecht \n  und d\u00fcrfen ohne vorherige schriftliche Genehmigung weder verwendet noch verbreitet werden.<\/p>\n<\/section>\n","protected":false},"excerpt":{"rendered":"<p>Impressum EASYRider Pferdetransporte Dawid Kurylko Reitsport Parnowo 1 PL-76-028 Parnowo Polen Vertretungsberechtigt: Dawid Kurylko &amp; Patricia Thompson Kontakt: E-Mail: info@easy-rider-world.com Telefon: +48 660 584 462 \/ +49 171 194 5373 Website: www.easy-rider-world.com Gewerbeanmeldung nach polnischem Recht: Urz\u0105d Gminy Biesiekierz (Gemeindeverwaltung) Wojew\u00f3dztwo Zachodniopomorskie, Polen Steuernummer (NIP): [5921948423] REGON (Unternehmensregister): [383010540] Zust\u00e4ndige Aufsichtsbeh\u00f6rde: Powiatowy Inspektorat Weterynarii, Koszalin&hellip; <br \/> <a class=\"button small blue\" href=\"https:\/\/easy-rider-world.com\/pl\/impressum\/\">Dowiedz si\u0119 wi\u0119cej<\/a><\/p>\n","protected":false},"author":1,"featured_media":0,"parent":0,"menu_order":0,"comment_status":"closed","ping_status":"closed","template":"","meta":{"_uag_custom_page_level_css":"","footnotes":""},"class_list":["post-1031","page","type-page","status-publish","hentry"],"yoast_head":"<!-- This site is optimized with the Yoast SEO plugin v27.5 - https:\/\/yoast.com\/product\/yoast-seo-wordpress\/ -->\n<title>IMPRESSUM - EASYRider Pferdetransporte<\/title>\n<meta name=\"robots\" content=\"index, follow, max-snippet:-1, max-image-preview:large, max-video-preview:-1\" \/>\n<link rel=\"canonical\" href=\"https:\/\/easy-rider-world.com\/pl\/impressum\/\" \/>\n<meta property=\"og:locale\" content=\"pl_PL\" \/>\n<meta property=\"og:type\" content=\"article\" \/>\n<meta property=\"og:title\" content=\"IMPRESSUM - EASYRider Pferdetransporte\" \/>\n<meta property=\"og:description\" content=\"Impressum EASYRider Pferdetransporte Dawid Kurylko Reitsport Parnowo 1 PL-76-028 Parnowo Polen Vertretungsberechtigt: Dawid Kurylko &amp; Patricia Thompson Kontakt: E-Mail: info@easy-rider-world.com Telefon: +48 660 584 462 \/ +49 171 194 5373 Website: www.easy-rider-world.com Gewerbeanmeldung nach polnischem Recht: Urz\u0105d Gminy Biesiekierz (Gemeindeverwaltung) Wojew\u00f3dztwo Zachodniopomorskie, Polen Steuernummer (NIP): [5921948423] REGON (Unternehmensregister): [383010540] Zust\u00e4ndige Aufsichtsbeh\u00f6rde: Powiatowy Inspektorat Weterynarii, Koszalin&hellip; Dowiedz si\u0119 wi\u0119cej\" \/>\n<meta property=\"og:url\" content=\"https:\/\/easy-rider-world.com\/pl\/impressum\/\" \/>\n<meta property=\"og:site_name\" content=\"EASYRider Pferdetransporte\" \/>\n<meta property=\"article:publisher\" content=\"https:\/\/www.facebook.com\/easy.rocks\" \/>\n<meta property=\"article:modified_time\" content=\"2025-05-27T20:40:30+00:00\" \/>\n<meta name=\"twitter:card\" content=\"summary_large_image\" \/>\n<meta name=\"twitter:label1\" content=\"Szacowany czas czytania\" \/>\n\t<meta name=\"twitter:data1\" content=\"1 minuta\" \/>\n<script type=\"application\/ld+json\" class=\"yoast-schema-graph\">{\"@context\":\"https:\\\/\\\/schema.org\",\"@graph\":[{\"@type\":\"WebPage\",\"@id\":\"https:\\\/\\\/easy-rider-world.com\\\/impressum\\\/\",\"url\":\"https:\\\/\\\/easy-rider-world.com\\\/impressum\\\/\",\"name\":\"IMPRESSUM - EASYRider Pferdetransporte\",\"isPartOf\":{\"@id\":\"https:\\\/\\\/easy-rider-world.com\\\/#website\"},\"datePublished\":\"2025-05-27T15:22:29+00:00\",\"dateModified\":\"2025-05-27T20:40:30+00:00\",\"breadcrumb\":{\"@id\":\"https:\\\/\\\/easy-rider-world.com\\\/impressum\\\/#breadcrumb\"},\"inLanguage\":\"pl-PL\",\"potentialAction\":[{\"@type\":\"ReadAction\",\"target\":[\"https:\\\/\\\/easy-rider-world.com\\\/impressum\\\/\"]}]},{\"@type\":\"BreadcrumbList\",\"@id\":\"https:\\\/\\\/easy-rider-world.com\\\/impressum\\\/#breadcrumb\",\"itemListElement\":[{\"@type\":\"ListItem\",\"position\":1,\"name\":\"Startseite\",\"item\":\"https:\\\/\\\/easy-rider-world.com\\\/\"},{\"@type\":\"ListItem\",\"position\":2,\"name\":\"IMPRESSUM\"}]},{\"@type\":\"WebSite\",\"@id\":\"https:\\\/\\\/easy-rider-world.com\\\/#website\",\"url\":\"https:\\\/\\\/easy-rider-world.com\\\/\",\"name\":\"EASYRider Pferdetransporte\",\"description\":\"Individuelle Pferdetransporte\",\"publisher\":{\"@id\":\"https:\\\/\\\/easy-rider-world.com\\\/#organization\"},\"potentialAction\":[{\"@type\":\"SearchAction\",\"target\":{\"@type\":\"EntryPoint\",\"urlTemplate\":\"https:\\\/\\\/easy-rider-world.com\\\/?s={search_term_string}\"},\"query-input\":{\"@type\":\"PropertyValueSpecification\",\"valueRequired\":true,\"valueName\":\"search_term_string\"}}],\"inLanguage\":\"pl-PL\"},{\"@type\":\"Organization\",\"@id\":\"https:\\\/\\\/easy-rider-world.com\\\/#organization\",\"name\":\"EASYRider Pferdetransporte\",\"url\":\"https:\\\/\\\/easy-rider-world.com\\\/\",\"logo\":{\"@type\":\"ImageObject\",\"inLanguage\":\"pl-PL\",\"@id\":\"https:\\\/\\\/easy-rider-world.com\\\/#\\\/schema\\\/logo\\\/image\\\/\",\"url\":\"https:\\\/\\\/easy-rider-world.com\\\/wp-content\\\/uploads\\\/2024\\\/04\\\/cropped-EASYRider-Logo-Shadow-Free.png\",\"contentUrl\":\"https:\\\/\\\/easy-rider-world.com\\\/wp-content\\\/uploads\\\/2024\\\/04\\\/cropped-EASYRider-Logo-Shadow-Free.png\",\"width\":500,\"height\":233,\"caption\":\"EASYRider Pferdetransporte\"},\"image\":{\"@id\":\"https:\\\/\\\/easy-rider-world.com\\\/#\\\/schema\\\/logo\\\/image\\\/\"},\"sameAs\":[\"https:\\\/\\\/www.facebook.com\\\/easy.rocks\"]}]}<\/script>\n<!-- \/ Yoast SEO plugin. -->","yoast_head_json":{"title":"IMPRESSUM - EASYRider Pferdetransporte","robots":{"index":"index","follow":"follow","max-snippet":"max-snippet:-1","max-image-preview":"max-image-preview:large","max-video-preview":"max-video-preview:-1"},"canonical":"https:\/\/easy-rider-world.com\/pl\/impressum\/","og_locale":"pl_PL","og_type":"article","og_title":"IMPRESSUM - EASYRider Pferdetransporte","og_description":"Impressum EASYRider Pferdetransporte Dawid Kurylko Reitsport Parnowo 1 PL-76-028 Parnowo Polen Vertretungsberechtigt: Dawid Kurylko &amp; Patricia Thompson Kontakt: E-Mail: info@easy-rider-world.com Telefon: +48 660 584 462 \/ +49 171 194 5373 Website: www.easy-rider-world.com Gewerbeanmeldung nach polnischem Recht: Urz\u0105d Gminy Biesiekierz (Gemeindeverwaltung) Wojew\u00f3dztwo Zachodniopomorskie, Polen Steuernummer (NIP): [5921948423] REGON (Unternehmensregister): [383010540] Zust\u00e4ndige Aufsichtsbeh\u00f6rde: Powiatowy Inspektorat Weterynarii, Koszalin&hellip; Dowiedz si\u0119 wi\u0119cej","og_url":"https:\/\/easy-rider-world.com\/pl\/impressum\/","og_site_name":"EASYRider Pferdetransporte","article_publisher":"https:\/\/www.facebook.com\/easy.rocks","article_modified_time":"2025-05-27T20:40:30+00:00","twitter_card":"summary_large_image","twitter_misc":{"Szacowany czas czytania":"1 minuta"},"schema":{"@context":"https:\/\/schema.org","@graph":[{"@type":"WebPage","@id":"https:\/\/easy-rider-world.com\/impressum\/","url":"https:\/\/easy-rider-world.com\/impressum\/","name":"IMPRESSUM - EASYRider Pferdetransporte","isPartOf":{"@id":"https:\/\/easy-rider-world.com\/#website"},"datePublished":"2025-05-27T15:22:29+00:00","dateModified":"2025-05-27T20:40:30+00:00","breadcrumb":{"@id":"https:\/\/easy-rider-world.com\/impressum\/#breadcrumb"},"inLanguage":"pl-PL","potentialAction":[{"@type":"ReadAction","target":["https:\/\/easy-rider-world.com\/impressum\/"]}]},{"@type":"BreadcrumbList","@id":"https:\/\/easy-rider-world.com\/impressum\/#breadcrumb","itemListElement":[{"@type":"ListItem","position":1,"name":"Startseite","item":"https:\/\/easy-rider-world.com\/"},{"@type":"ListItem","position":2,"name":"IMPRESSUM"}]},{"@type":"WebSite","@id":"https:\/\/easy-rider-world.com\/#website","url":"https:\/\/easy-rider-world.com\/","name":"EASYRider Pferdetransporte","description":"Indywidualne Transporty Koni","publisher":{"@id":"https:\/\/easy-rider-world.com\/#organization"},"potentialAction":[{"@type":"SearchAction","target":{"@type":"EntryPoint","urlTemplate":"https:\/\/easy-rider-world.com\/?s={search_term_string}"},"query-input":{"@type":"PropertyValueSpecification","valueRequired":true,"valueName":"search_term_string"}}],"inLanguage":"pl-PL"},{"@type":"Organization","@id":"https:\/\/easy-rider-world.com\/#organization","name":"EASYRider Pferdetransporte","url":"https:\/\/easy-rider-world.com\/","logo":{"@type":"ImageObject","inLanguage":"pl-PL","@id":"https:\/\/easy-rider-world.com\/#\/schema\/logo\/image\/","url":"https:\/\/easy-rider-world.com\/wp-content\/uploads\/2024\/04\/cropped-EASYRider-Logo-Shadow-Free.png","contentUrl":"https:\/\/easy-rider-world.com\/wp-content\/uploads\/2024\/04\/cropped-EASYRider-Logo-Shadow-Free.png","width":500,"height":233,"caption":"EASYRider Pferdetransporte"},"image":{"@id":"https:\/\/easy-rider-world.com\/#\/schema\/logo\/image\/"},"sameAs":["https:\/\/www.facebook.com\/easy.rocks"]}]}},"uagb_featured_image_src":{"full":false,"thumbnail":false,"medium":false,"medium_large":false,"large":false,"1536x1536":false,"2048x2048":false,"trp-custom-language-flag":false,"post-thumbnail":false,"one-page-express-full-hd":false},"uagb_author_info":{"display_name":"admin","author_link":"https:\/\/easy-rider-world.com\/pl\/author\/admin\/"},"uagb_comment_info":0,"uagb_excerpt":"Impressum EASYRider Pferdetransporte Dawid Kurylko Reitsport Parnowo 1 PL-76-028 Parnowo Polen Vertretungsberechtigt: Dawid Kurylko &amp; Patricia Thompson Kontakt: E-Mail: info@easy-rider-world.com Telefon: +48 660 584 462 \/ +49 171 194 5373 Website: www.easy-rider-world.com Gewerbeanmeldung nach polnischem Recht: Urz\u0105d Gminy Biesiekierz (Gemeindeverwaltung) Wojew\u00f3dztwo Zachodniopomorskie, Polen Steuernummer (NIP): [5921948423] REGON (Unternehmensregister): [383010540] Zust\u00e4ndige Aufsichtsbeh\u00f6rde: Powiatowy Inspektorat Weterynarii, Koszalin&hellip;&hellip;","_links":{"self":[{"href":"https:\/\/easy-rider-world.com\/pl\/wp-json\/wp\/v2\/pages\/1031","targetHints":{"allow":["GET"]}}],"collection":[{"href":"https:\/\/easy-rider-world.com\/pl\/wp-json\/wp\/v2\/pages"}],"about":[{"href":"https:\/\/easy-rider-world.com\/pl\/wp-json\/wp\/v2\/types\/page"}],"author":[{"embeddable":true,"href":"https:\/\/easy-rider-world.com\/pl\/wp-json\/wp\/v2\/users\/1"}],"replies":[{"embeddable":true,"href":"https:\/\/easy-rider-world.com\/pl\/wp-json\/wp\/v2\/comments?post=1031"}],"version-history":[{"count":3,"href":"https:\/\/easy-rider-world.com\/pl\/wp-json\/wp\/v2\/pages\/1031\/revisions"}],"predecessor-version":[{"id":1048,"href":"https:\/\/easy-rider-world.com\/pl\/wp-json\/wp\/v2\/pages\/1031\/revisions\/1048"}],"wp:attachment":[{"href":"https:\/\/easy-rider-world.com\/pl\/wp-json\/wp\/v2\/media?parent=1031"}],"curies":[{"name":"wp","href":"https:\/\/api.w.org\/{rel}","templated":true}]}}